{"id":1929,"date":"2021-06-29T17:58:02","date_gmt":"2021-06-29T17:58:02","guid":{"rendered":"https:\/\/spnm.ca\/?page_id=1929"},"modified":"2024-11-26T15:37:09","modified_gmt":"2024-11-26T19:37:09","slug":"contact","status":"publish","type":"page","link":"https:\/\/spnm.ca\/en\/contact\/","title":{"rendered":"Contact"},"content":{"rendered":"<p>[vc_row row_type=&#8221;row&#8221; use_row_as_full_screen_section=&#8221;no&#8221; type=&#8221;full_width&#8221; text_align=&#8221;left&#8221; background_animation=&#8221;none&#8221; css_animation=&#8221;&#8221;][vc_column]\n\t\t\t<!-- START ContactE REVOLUTION SLIDER 6.4.6 --><p class=\"rs-p-wp-fix\"><\/p>\n\t\t\t<rs-module-wrap id=\"rev_slider_44_1_wrapper\" data-source=\"gallery\" style=\"background:transparent;padding:0;margin:0px auto;margin-top:0;margin-bottom:0;\">\n\t\t\t\t<rs-module id=\"rev_slider_44_1\" style=\"\" data-version=\"6.4.6\">\n\t\t\t\t\t<rs-slides>\n\t\t\t\t\t\t<rs-slide data-key=\"rs-46\" data-title=\"Slide\" data-anim=\"ms:50;\" data-in=\"o:0;\" data-out=\"a:false;\" data-d3=\"f:cube;d:vertical;z:450;t:-45;e:sine.inOut;su:true;\">\n\t\t\t\t\t\t\t<img loading=\"lazy\" decoding=\"async\" src=\"\/\/spnm.ca\/wp-content\/uploads\/2021\/04\/Image1-2.jpg\" title=\"Image1\" width=\"1920\" height=\"500\" class=\"rev-slidebg tp-rs-img\" data-panzoom=\"d:10000;ss:100;se:100;\" data-no-retina>\n<!--\n\t\t\t\t\t\t\t--><rs-layer\n\t\t\t\t\t\t\t\tid=\"slider-44-slide-46-layer-1\" \n\t\t\t\t\t\t\t\tdata-type=\"text\"\n\t\t\t\t\t\t\t\tdata-color=\"#007aff\"\n\t\t\t\t\t\t\t\tdata-tsh=\"c:rgba(0,0,0,0.48);h:3px,2px,1px,0px;v:3px,2px,1px,0px;b:3px,2px,1px,0px;\"\n\t\t\t\t\t\t\t\tdata-rsp_ch=\"on\"\n\t\t\t\t\t\t\t\tdata-xy=\"x:c;y:m;\"\n\t\t\t\t\t\t\t\tdata-text=\"w:normal;s:40,33,25,15;l:50,41,31,19;ls:3px,2px,1px,0px;fw:900;a:center;\"\n\t\t\t\t\t\t\t\tdata-tst=\"w:2px,1px,1px,1px;c:#ffffff;\"\n\t\t\t\t\t\t\t\tdata-frame_0=\"sX:0.8;sY:0.8;\"\n\t\t\t\t\t\t\t\tdata-frame_1=\"e:power4.out;sp:1000;\"\n\t\t\t\t\t\t\t\tdata-frame_999=\"o:0;st:w;sp:50;sR:190;\"\n\t\t\t\t\t\t\t\tstyle=\"z-index:5;font-family:Roboto;\"\n\t\t\t\t\t\t\t>here is how to communicate with us... \n\t\t\t\t\t\t\t<\/rs-layer><!--\n-->\t\t\t\t\t\t<\/rs-slide>\n\t\t\t\t\t<\/rs-slides>\n\t\t\t\t<\/rs-module>\n\t\t\t\t<script type=\"text\/javascript\">\n\t\t\t\t\tsetREVStartSize({c: 'rev_slider_44_1',rl:[1240,1024,778,480],el:[500,645,780,760],gw:[1240,1024,778,480],gh:[500,500,780,760],type:'hero',justify:'',layout:'fullwidth',mh:\"0\"});\n\t\t\t\t\tvar\trevapi44,\n\t\t\t\t\t\ttpj;\n\t\t\t\t\tfunction revinit_revslider441() {\n\t\t\t\t\tjQuery(function() {\n\t\t\t\t\t\ttpj = jQuery;\n\t\t\t\t\t\trevapi44 = tpj(\"#rev_slider_44_1\");\n\t\t\t\t\t\tif(revapi44==undefined || revapi44.revolution == undefined){\n\t\t\t\t\t\t\trevslider_showDoubleJqueryError(\"rev_slider_44_1\");\n\t\t\t\t\t\t}else{\n\t\t\t\t\t\t\trevapi44.revolution({\n\t\t\t\t\t\t\t\tsliderType:\"hero\",\n\t\t\t\t\t\t\t\tDPR:\"dpr\",\n\t\t\t\t\t\t\t\tsliderLayout:\"fullwidth\",\n\t\t\t\t\t\t\t\tvisibilityLevels:\"1240,1024,778,480\",\n\t\t\t\t\t\t\t\tgridwidth:\"1240,1024,778,480\",\n\t\t\t\t\t\t\t\tgridheight:\"500,500,780,760\",\n\t\t\t\t\t\t\t\tperspective:600,\n\t\t\t\t\t\t\t\tperspectiveType:\"global\",\n\t\t\t\t\t\t\t\teditorheight:\"500,645,780,760\",\n\t\t\t\t\t\t\t\tresponsiveLevels:\"1240,1024,778,480\",\n\t\t\t\t\t\t\t\tprogressBar:{disableProgressBar:true},\n\t\t\t\t\t\t\t\tnavigation: {\n\t\t\t\t\t\t\t\t\tonHoverStop:false\n\t\t\t\t\t\t\t\t},\n\t\t\t\t\t\t\t\tfallbacks: {\n\t\t\t\t\t\t\t\t\tallowHTML5AutoPlayOnAndroid:true\n\t\t\t\t\t\t\t\t},\n\t\t\t\t\t\t\t});\n\t\t\t\t\t\t}\n\t\t\t\t\t\t\n\t\t\t\t\t});\n\t\t\t\t\t} \/\/ End of RevInitScript\n\t\t\t\tvar once_revslider441 = false;\n\t\t\t\tif (document.readyState === \"loading\") {document.addEventListener('readystatechange',function() { if((document.readyState === \"interactive\" || document.readyState === \"complete\") && !once_revslider441 ) { once_revslider441 = true; revinit_revslider441();}});} else {once_revslider441 = true; revinit_revslider441();}\n\t\t\t\t<\/script>\n\t\t\t<\/rs-module-wrap>\n\t\t\t<!-- END REVOLUTION SLIDER -->\n[\/vc_column][\/vc_row][vc_row row_type=&#8221;row&#8221; use_row_as_full_screen_section=&#8221;no&#8221; type=&#8221;full_width&#8221; text_align=&#8221;left&#8221; background_animation=&#8221;none&#8221; css_animation=&#8221;&#8221; css=&#8221;.vc_custom_1623936897247{margin-top: 100px !important;}&#8221;][vc_column width=&#8221;1\/6&#8243;][\/vc_column][vc_column width=&#8221;3\/6&#8243;][vc_column_text css=&#8221;.vc_custom_1624989545944{padding-top: 7px !important;}&#8221;]To communicate with la <em><strong>Soci\u00e9t\u00e9 philharmonique du Nouveau Monde<\/strong><\/em>[\/vc_column_text][\/vc_column][vc_column width=&#8221;1\/6&#8243;]<a href=\"mailto:jacques.gravel@opnm.ca\" target=\"_blank\" data-hover-background-color='#ffffff' data-hover-color='#000000' class=\"qbutton  small qbutton_with_icon\" style=\"font-weight: 600; font-size: 16px; \">email<i class=\"qode_icon_font_awesome fa  button_icon\" style=\"\" ><\/i><\/a>[\/vc_column][vc_column width=&#8221;1\/6&#8243;]<span class='q_social_icon_holder with_link circle_social' data-hover-background-color=#e6ae47 data-hover-color=#000000><a href='https:\/\/www.facebook.com\/SocietephilharmoniqueduNouveauMonde\/' target='_blank'><span class='fa-stack tiny circle_social' style='color: #ffffff;background-color: #aaaaaa;'><i class='social_icon fa fa-facebook'><\/i><\/span><\/a><\/span>[\/vc_column][\/vc_row][vc_row row_type=&#8221;row&#8221; use_row_as_full_screen_section=&#8221;no&#8221; type=&#8221;full_width&#8221; text_align=&#8221;left&#8221; background_animation=&#8221;none&#8221; css_animation=&#8221;&#8221; css=&#8221;.vc_custom_1623937912948{margin-top: 40px !important;}&#8221;][vc_column width=&#8221;1\/6&#8243;][\/vc_column][vc_column width=&#8221;3\/6&#8243;][vc_column_text css=&#8221;.vc_custom_1732649824321{padding-top: 7px !important;}&#8221;]To communicate with le Choeur philharmonique du Nouveau Monde of\u00a0<em><strong>Basses-Laurentides<\/strong><\/em><\/p>\n<ul>\n<li>postal address:\n<div><b data-olk-copy-source=\"MessageBody\">CPNM Basses-Laurentides<\/b><\/div>\n<div><b>C.P. 98010<\/b><\/div>\n<div><b>Succursale Place \u00c9lite<\/b><\/div>\n<div><b>Ste-Th\u00e9r\u00e8se, Qu\u00e9bec<\/b><\/div>\n<div><b>J7E 5R4<\/b><\/div>\n<\/li>\n<li>telephone: (450) 434-1440 ext. 2658<\/li>\n<\/ul>\n<p>[\/vc_column_text][\/vc_column][vc_column width=&#8221;1\/6&#8243;]<a href=\"mailto:info@leschanteurs.org\" target=\"_blank\" data-hover-background-color='#ffffff' data-hover-color='#000000' class=\"qbutton  small qbutton_with_icon\" style=\"font-weight: 600; font-size: 16px; \">email<i class=\"qode_icon_font_awesome fa  button_icon\" style=\"\" ><\/i><\/a>[\/vc_column][vc_column width=&#8221;1\/6&#8243;]<span class='q_social_icon_holder with_link circle_social' data-hover-background-color=#e6ae47 data-hover-color=#000000><a href='https:\/\/www.facebook.com\/leschanteursdesaintetherese' target='_blank'><span class='fa-stack tiny circle_social' style='color: #ffffff;background-color: #aaaaaa;'><i class='social_icon fa fa-facebook'><\/i><\/span><\/a><\/span>[\/vc_column][\/vc_row][vc_row row_type=&#8221;row&#8221; use_row_as_full_screen_section=&#8221;no&#8221; type=&#8221;full_width&#8221; text_align=&#8221;left&#8221; background_animation=&#8221;none&#8221; css_animation=&#8221;&#8221; css=&#8221;.vc_custom_1623937912948{margin-top: 40px !important;}&#8221;][vc_column width=&#8221;1\/6&#8243;][\/vc_column][vc_column width=&#8221;3\/6&#8243;][vc_column_text css=&#8221;.vc_custom_1729525147862{padding-top: 7px !important;}&#8221;]To communicate with le Choeur philharmonique du Nouveau Monde of\u00a0<em><strong>Montreal<\/strong><\/em><\/p>\n<p>[\/vc_column_text][\/vc_column][vc_column width=&#8221;1\/6&#8243;]<a href=\"mailto:secretaire-cpnm@outlook.com\" target=\"_blank\" data-hover-background-color='#ffffff' data-hover-color='#000000' class=\"qbutton  small qbutton_with_icon\" style=\"font-weight: 600; font-size: 16px; \">email<i class=\"qode_icon_font_awesome fa  button_icon\" style=\"\" ><\/i><\/a>[\/vc_column][vc_column width=&#8221;1\/6&#8243;]<span class='q_social_icon_holder with_link circle_social' data-hover-background-color=#e6ae47 data-hover-color=#000000><a href='https:\/\/www.facebook.com\/choeurphilharmoniquedunouveaumondemontreal' target='_blank'><span class='fa-stack tiny circle_social' style='color: #ffffff;background-color: #aaaaaa;'><i class='social_icon fa fa-facebook'><\/i><\/span><\/a><\/span>[\/vc_column][\/vc_row][vc_row row_type=&#8221;row&#8221; use_row_as_full_screen_section=&#8221;no&#8221; type=&#8221;full_width&#8221; text_align=&#8221;left&#8221; background_animation=&#8221;none&#8221; css_animation=&#8221;&#8221; css=&#8221;.vc_custom_1623937912948{margin-top: 40px !important;}&#8221;][vc_column width=&#8221;1\/6&#8243;][\/vc_column][vc_column width=&#8221;3\/6&#8243;][vc_column_text css=&#8221;.vc_custom_1631401960735{padding-top: 7px !important;}&#8221;]To communicate with le Choeur philharmonique du Nouveau Monde of\u00a0<em><strong>Ottawa<\/strong><\/em><\/p>\n<ul>\n<li>postal address: 933 Smyth Rd, Ottawa, ON K1G 1P5<\/li>\n<\/ul>\n<p>[\/vc_column_text][\/vc_column][vc_column width=&#8221;1\/6&#8243;]<a href=\"mailto:info@ottawaclassicalchoir.com\" target=\"_blank\" data-hover-background-color='#ffffff' data-hover-color='#000000' class=\"qbutton  small qbutton_with_icon\" style=\"font-weight: 600; font-size: 16px; \">email<i class=\"qode_icon_font_awesome fa  button_icon\" style=\"\" ><\/i><\/a>[\/vc_column][vc_column width=&#8221;1\/12&#8243;]<span class='q_social_icon_holder with_link circle_social' data-hover-background-color=#e6ae47 data-hover-color=#000000><a href='https:\/\/www.facebook.com\/ottawaclassicalchoircom' target='_blank'><span class='fa-stack tiny circle_social' style='color: #ffffff;background-color: #aaaaaa;'><i class='social_icon fa fa-facebook'><\/i><\/span><\/a><\/span>[\/vc_column][\/vc_row][vc_row row_type=&#8221;row&#8221; use_row_as_full_screen_section=&#8221;no&#8221; type=&#8221;full_width&#8221; text_align=&#8221;left&#8221; background_animation=&#8221;none&#8221; css_animation=&#8221;&#8221; css=&#8221;.vc_custom_1623937912948{margin-top: 40px !important;}&#8221;][vc_column width=&#8221;1\/6&#8243;][\/vc_column][vc_column width=&#8221;3\/6&#8243;][vc_column_text css=&#8221;.vc_custom_1625688252694{padding-top: 7px !important;}&#8221;]To communicate with l&#8217;<em><strong>Orchestre philharmonique du Nouveau Monde<\/strong><\/em><\/p>\n<ul>\n<li>1001, chemin Plan Bouchard,\u00a0C.P. 25 Blainville QC\u00a0J7C 4N4<\/li>\n<\/ul>\n<p>[\/vc_column_text][\/vc_column][vc_column width=&#8221;1\/6&#8243;]<a href=\"mailto:jacques.gravel@opnm.ca\" target=\"_blank\" data-hover-background-color='#ffffff' data-hover-color='#000000' class=\"qbutton  small qbutton_with_icon\" style=\"font-weight: 600; font-size: 16px; \">email<i class=\"qode_icon_font_awesome fa  button_icon\" style=\"\" ><\/i><\/a>[\/vc_column][vc_column width=&#8221;1\/6&#8243;][\/vc_column][\/vc_row][vc_row row_type=&#8221;row&#8221; use_row_as_full_screen_section=&#8221;no&#8221; type=&#8221;full_width&#8221; text_align=&#8221;left&#8221; background_animation=&#8221;none&#8221; css_animation=&#8221;&#8221;][vc_column][vc_empty_space height=&#8221;100&#8243;][\/vc_column][\/vc_row]<\/p>\n","protected":false},"excerpt":{"rendered":"<p>[vc_row row_type=&#8221;row&#8221; use_row_as_full_screen_section=&#8221;no&#8221; type=&#8221;full_width&#8221; text_align=&#8221;left&#8221; background_animation=&#8221;none&#8221; css_animation=&#8221;&#8221;][vc_column][\/vc_column][\/vc_row][vc_row row_type=&#8221;row&#8221; use_row_as_full_screen_section=&#8221;no&#8221; type=&#8221;full_width&#8221; text_align=&#8221;left&#8221; background_animation=&#8221;none&#8221; css_animation=&#8221;&#8221; css=&#8221;.vc_custom_1623936897247{margin-top: 100px !important;}&#8221;][vc_column width=&#8221;1\/6&#8243;][\/vc_column][vc_column width=&#8221;3\/6&#8243;][vc_column_text css=&#8221;.vc_custom_1624989545944{padding-top: 7px !important;}&#8221;]To communicate with la Soci\u00e9t\u00e9 philharmonique du Nouveau Monde[\/vc_column_text][\/vc_column][vc_column width=&#8221;1\/6&#8243;][\/vc_column][vc_column width=&#8221;1\/6&#8243;][\/vc_column][\/vc_row][vc_row row_type=&#8221;row&#8221; use_row_as_full_screen_section=&#8221;no&#8221; type=&#8221;full_width&#8221; text_align=&#8221;left&#8221; background_animation=&#8221;none&#8221; css_animation=&#8221;&#8221; css=&#8221;.vc_custom_1623937912948{margin-top: 40px !important;}&#8221;][vc_column width=&#8221;1\/6&#8243;][\/vc_column][vc_column width=&#8221;3\/6&#8243;][vc_column_text css=&#8221;.vc_custom_1732649824321{padding-top: 7px !important;}&#8221;]To&#8230;<\/p>\n","protected":false},"author":230,"featured_media":0,"parent":0,"menu_order":0,"comment_status":"closed","ping_status":"closed","template":"","meta":{"footnotes":""},"class_list":["post-1929","page","type-page","status-publish","hentry"],"yoast_head":"<!-- This site is optimized with the Yoast SEO plugin v23.3 - https:\/\/yoast.com\/wordpress\/plugins\/seo\/ -->\n<title>Contact - SPNM<\/title>\n<meta name=\"robots\" content=\"index, follow, max-snippet:-1, max-image-preview:large, max-video-preview:-1\" \/>\n<link rel=\"canonical\" href=\"https:\/\/spnm.ca\/en\/contact\/\" \/>\n<meta property=\"og:locale\" content=\"en_US\" \/>\n<meta property=\"og:type\" content=\"article\" \/>\n<meta property=\"og:title\" content=\"Contact - SPNM\" \/>\n<meta property=\"og:description\" content=\"[vc_row row_type=&#8221;row&#8221; use_row_as_full_screen_section=&#8221;no&#8221; type=&#8221;full_width&#8221; text_align=&#8221;left&#8221; background_animation=&#8221;none&#8221; css_animation=&#8221;&#8221;][vc_column][\/vc_column][\/vc_row][vc_row row_type=&#8221;row&#8221; use_row_as_full_screen_section=&#8221;no&#8221; type=&#8221;full_width&#8221; text_align=&#8221;left&#8221; background_animation=&#8221;none&#8221; css_animation=&#8221;&#8221; css=&#8221;.vc_custom_1623936897247{margin-top: 100px !important;}&#8221;][vc_column width=&#8221;1\/6&#8243;][\/vc_column][vc_column width=&#8221;3\/6&#8243;][vc_column_text css=&#8221;.vc_custom_1624989545944{padding-top: 7px !important;}&#8221;]To communicate with la Soci\u00e9t\u00e9 philharmonique du Nouveau Monde[\/vc_column_text][\/vc_column][vc_column width=&#8221;1\/6&#8243;][\/vc_column][vc_column width=&#8221;1\/6&#8243;][\/vc_column][\/vc_row][vc_row row_type=&#8221;row&#8221; use_row_as_full_screen_section=&#8221;no&#8221; type=&#8221;full_width&#8221; text_align=&#8221;left&#8221; background_animation=&#8221;none&#8221; css_animation=&#8221;&#8221; css=&#8221;.vc_custom_1623937912948{margin-top: 40px !important;}&#8221;][vc_column width=&#8221;1\/6&#8243;][\/vc_column][vc_column width=&#8221;3\/6&#8243;][vc_column_text css=&#8221;.vc_custom_1732649824321{padding-top: 7px !important;}&#8221;]To...\" \/>\n<meta property=\"og:url\" content=\"https:\/\/spnm.ca\/en\/contact\/\" \/>\n<meta property=\"og:site_name\" content=\"SPNM\" \/>\n<meta property=\"article:modified_time\" content=\"2024-11-26T19:37:09+00:00\" \/>\n<meta name=\"twitter:card\" content=\"summary_large_image\" \/>\n<meta name=\"twitter:label1\" content=\"Est. reading time\" \/>\n\t<meta name=\"twitter:data1\" content=\"2 minutes\" \/>\n<!-- \/ Yoast SEO plugin. -->","yoast_head_json":{"title":"Contact - SPNM","robots":{"index":"index","follow":"follow","max-snippet":"max-snippet:-1","max-image-preview":"max-image-preview:large","max-video-preview":"max-video-preview:-1"},"canonical":"https:\/\/spnm.ca\/en\/contact\/","og_locale":"en_US","og_type":"article","og_title":"Contact - SPNM","og_description":"[vc_row row_type=&#8221;row&#8221; use_row_as_full_screen_section=&#8221;no&#8221; type=&#8221;full_width&#8221; text_align=&#8221;left&#8221; background_animation=&#8221;none&#8221; css_animation=&#8221;&#8221;][vc_column][\/vc_column][\/vc_row][vc_row row_type=&#8221;row&#8221; use_row_as_full_screen_section=&#8221;no&#8221; type=&#8221;full_width&#8221; text_align=&#8221;left&#8221; background_animation=&#8221;none&#8221; css_animation=&#8221;&#8221; css=&#8221;.vc_custom_1623936897247{margin-top: 100px !important;}&#8221;][vc_column width=&#8221;1\/6&#8243;][\/vc_column][vc_column width=&#8221;3\/6&#8243;][vc_column_text css=&#8221;.vc_custom_1624989545944{padding-top: 7px !important;}&#8221;]To communicate with la Soci\u00e9t\u00e9 philharmonique du Nouveau Monde[\/vc_column_text][\/vc_column][vc_column width=&#8221;1\/6&#8243;][\/vc_column][vc_column width=&#8221;1\/6&#8243;][\/vc_column][\/vc_row][vc_row row_type=&#8221;row&#8221; use_row_as_full_screen_section=&#8221;no&#8221; type=&#8221;full_width&#8221; text_align=&#8221;left&#8221; background_animation=&#8221;none&#8221; css_animation=&#8221;&#8221; css=&#8221;.vc_custom_1623937912948{margin-top: 40px !important;}&#8221;][vc_column width=&#8221;1\/6&#8243;][\/vc_column][vc_column width=&#8221;3\/6&#8243;][vc_column_text css=&#8221;.vc_custom_1732649824321{padding-top: 7px !important;}&#8221;]To...","og_url":"https:\/\/spnm.ca\/en\/contact\/","og_site_name":"SPNM","article_modified_time":"2024-11-26T19:37:09+00:00","twitter_card":"summary_large_image","twitter_misc":{"Est. reading time":"2 minutes"},"schema":{"@context":"https:\/\/schema.org","@graph":[{"@type":"WebPage","@id":"https:\/\/spnm.ca\/en\/contact\/","url":"https:\/\/spnm.ca\/en\/contact\/","name":"Contact - SPNM","isPartOf":{"@id":"https:\/\/spnm.ca\/#website"},"datePublished":"2021-06-29T17:58:02+00:00","dateModified":"2024-11-26T19:37:09+00:00","breadcrumb":{"@id":"https:\/\/spnm.ca\/en\/contact\/#breadcrumb"},"inLanguage":"en-US","potentialAction":[{"@type":"ReadAction","target":["https:\/\/spnm.ca\/en\/contact\/"]}]},{"@type":"BreadcrumbList","@id":"https:\/\/spnm.ca\/en\/contact\/#breadcrumb","itemListElement":[{"@type":"ListItem","position":1,"name":"Accueil","item":"https:\/\/spnm.ca\/en\/"},{"@type":"ListItem","position":2,"name":"Contact"}]},{"@type":"WebSite","@id":"https:\/\/spnm.ca\/#website","url":"https:\/\/spnm.ca\/","name":"SPNM","description":"Concerts Classiques","publisher":{"@id":"https:\/\/spnm.ca\/#organization"},"potentialAction":[{"@type":"SearchAction","target":{"@type":"EntryPoint","urlTemplate":"https:\/\/spnm.ca\/?s={search_term_string}"},"query-input":"required name=search_term_string"}],"inLanguage":"en-US"},{"@type":"Organization","@id":"https:\/\/spnm.ca\/#organization","name":"Soci\u00e9t\u00e9 philharmonique du Nouveau Monde","url":"https:\/\/spnm.ca\/","logo":{"@type":"ImageObject","inLanguage":"en-US","@id":"https:\/\/spnm.ca\/#\/schema\/logo\/image\/","url":"https:\/\/spnm.ca\/wp-content\/uploads\/2021\/06\/LogoBLPNM2.png","contentUrl":"https:\/\/spnm.ca\/wp-content\/uploads\/2021\/06\/LogoBLPNM2.png","width":286,"height":100,"caption":"Soci\u00e9t\u00e9 philharmonique du Nouveau Monde"},"image":{"@id":"https:\/\/spnm.ca\/#\/schema\/logo\/image\/"}}]}},"_links":{"self":[{"href":"https:\/\/spnm.ca\/en\/wp-json\/wp\/v2\/pages\/1929"}],"collection":[{"href":"https:\/\/spnm.ca\/en\/wp-json\/wp\/v2\/pages"}],"about":[{"href":"https:\/\/spnm.ca\/en\/wp-json\/wp\/v2\/types\/page"}],"author":[{"embeddable":true,"href":"https:\/\/spnm.ca\/en\/wp-json\/wp\/v2\/users\/230"}],"replies":[{"embeddable":true,"href":"https:\/\/spnm.ca\/en\/wp-json\/wp\/v2\/comments?post=1929"}],"version-history":[{"count":20,"href":"https:\/\/spnm.ca\/en\/wp-json\/wp\/v2\/pages\/1929\/revisions"}],"predecessor-version":[{"id":5742,"href":"https:\/\/spnm.ca\/en\/wp-json\/wp\/v2\/pages\/1929\/revisions\/5742"}],"wp:attachment":[{"href":"https:\/\/spnm.ca\/en\/wp-json\/wp\/v2\/media?parent=1929"}],"curies":[{"name":"wp","href":"https:\/\/api.w.org\/{rel}","templated":true}]}}