{"id":1975,"date":"2021-06-30T12:23:04","date_gmt":"2021-06-30T12:23:04","guid":{"rendered":"https:\/\/spnm.ca\/?page_id=1975"},"modified":"2026-01-26T16:25:34","modified_gmt":"2026-01-26T20:25:34","slug":"ottawa","status":"publish","type":"page","link":"https:\/\/spnm.ca\/en\/ottawa\/","title":{"rendered":"Ottawa"},"content":{"rendered":"<p>[vc_row row_type=&#8221;row&#8221; use_row_as_full_screen_section=&#8221;no&#8221; type=&#8221;full_width&#8221; text_align=&#8221;left&#8221; background_animation=&#8221;none&#8221; css_animation=&#8221;&#8221; css=&#8221;.vc_custom_1618336926507{margin-bottom: 50px !important;}&#8221;][vc_column]\n\t\t\t<!-- START Ottawa REVOLUTION SLIDER 6.4.6 --><p class=\"rs-p-wp-fix\"><\/p>\n\t\t\t<rs-module-wrap id=\"rev_slider_53_1_wrapper\" data-source=\"gallery\" style=\"background:transparent;padding:0;margin:0px auto;margin-top:0;margin-bottom:0;\">\n\t\t\t\t<rs-module id=\"rev_slider_53_1\" style=\"\" data-version=\"6.4.6\">\n\t\t\t\t\t<rs-slides>\n\t\t\t\t\t\t<rs-slide data-key=\"rs-55\" data-title=\"Slide\" data-anim=\"ms:50;\" data-in=\"o:0;\" data-out=\"a:false;\" data-d3=\"f:cube;d:vertical;z:450;t:-45;e:sine.inOut;su:true;\">\n\t\t\t\t\t\t\t<img loading=\"lazy\" decoding=\"async\" src=\"\/\/spnm.ca\/wp-content\/uploads\/2021\/04\/Image1-2.jpg\" title=\"Image1\" width=\"1920\" height=\"500\" class=\"rev-slidebg tp-rs-img\" data-panzoom=\"d:10000;ss:100;se:100;\" data-no-retina>\n<!--\n\t\t\t\t\t\t\t--><rs-layer\n\t\t\t\t\t\t\t\tid=\"slider-53-slide-55-layer-0\" \n\t\t\t\t\t\t\t\tdata-type=\"text\"\n\t\t\t\t\t\t\t\tdata-color=\"#007aff\"\n\t\t\t\t\t\t\t\tdata-rsp_ch=\"on\"\n\t\t\t\t\t\t\t\tdata-xy=\"x:c;y:m;yo:50px,41px,31px,19px;\"\n\t\t\t\t\t\t\t\tdata-text=\"w:normal;s:28,23,17,10;l:25,20,15,9;ls:2px,1px,0px,0px;fw:900;\"\n\t\t\t\t\t\t\t\tdata-tst=\"c:#007aff;\"\n\t\t\t\t\t\t\t\tdata-frame_999=\"o:0;st:8810;sp:240;sR:8510;\"\n\t\t\t\t\t\t\t\tstyle=\"z-index:9;font-family:Roboto;\"\n\t\t\t\t\t\t\t>\u2022  OTTAWA  \u2022 \n\t\t\t\t\t\t\t<\/rs-layer><!--\n\n\t\t\t\t\t\t\t--><rs-layer\n\t\t\t\t\t\t\t\tid=\"slider-53-slide-55-layer-1\" \n\t\t\t\t\t\t\t\tdata-type=\"text\"\n\t\t\t\t\t\t\t\tdata-color=\"#007aff\"\n\t\t\t\t\t\t\t\tdata-tsh=\"c:rgba(0,0,0,0.48);h:3px,2px,1px,0px;v:3px,2px,1px,0px;b:3px,2px,1px,0px;\"\n\t\t\t\t\t\t\t\tdata-rsp_ch=\"on\"\n\t\t\t\t\t\t\t\tdata-xy=\"x:c;y:m;\"\n\t\t\t\t\t\t\t\tdata-text=\"w:normal;s:40,33,25,15;l:50,41,31,19;ls:3px,2px,1px,0px;fw:900;a:center;\"\n\t\t\t\t\t\t\t\tdata-tst=\"w:2px,1px,1px,1px;c:#ffffff;\"\n\t\t\t\t\t\t\t\tdata-frame_999=\"o:0;st:w;sp:50;sR:8700;\"\n\t\t\t\t\t\t\t\tstyle=\"z-index:8;font-family:Roboto;\"\n\t\t\t\t\t\t\t>Choeur philharmonique du Nouveau Monde \n\t\t\t\t\t\t\t<\/rs-layer><!--\n-->\t\t\t\t\t\t<\/rs-slide>\n\t\t\t\t\t<\/rs-slides>\n\t\t\t\t<\/rs-module>\n\t\t\t\t<script type=\"text\/javascript\">\n\t\t\t\t\tsetREVStartSize({c: 'rev_slider_53_1',rl:[1240,1024,778,480],el:[500,645,780,760],gw:[1240,1024,778,480],gh:[500,500,780,760],type:'hero',justify:'',layout:'fullwidth',mh:\"0\"});\n\t\t\t\t\tvar\trevapi53,\n\t\t\t\t\t\ttpj;\n\t\t\t\t\tfunction revinit_revslider531() {\n\t\t\t\t\tjQuery(function() {\n\t\t\t\t\t\ttpj = jQuery;\n\t\t\t\t\t\trevapi53 = tpj(\"#rev_slider_53_1\");\n\t\t\t\t\t\tif(revapi53==undefined || revapi53.revolution == undefined){\n\t\t\t\t\t\t\trevslider_showDoubleJqueryError(\"rev_slider_53_1\");\n\t\t\t\t\t\t}else{\n\t\t\t\t\t\t\trevapi53.revolution({\n\t\t\t\t\t\t\t\tsliderType:\"hero\",\n\t\t\t\t\t\t\t\tDPR:\"dpr\",\n\t\t\t\t\t\t\t\tsliderLayout:\"fullwidth\",\n\t\t\t\t\t\t\t\tvisibilityLevels:\"1240,1024,778,480\",\n\t\t\t\t\t\t\t\tgridwidth:\"1240,1024,778,480\",\n\t\t\t\t\t\t\t\tgridheight:\"500,500,780,760\",\n\t\t\t\t\t\t\t\tperspective:600,\n\t\t\t\t\t\t\t\tperspectiveType:\"global\",\n\t\t\t\t\t\t\t\teditorheight:\"500,645,780,760\",\n\t\t\t\t\t\t\t\tresponsiveLevels:\"1240,1024,778,480\",\n\t\t\t\t\t\t\t\tprogressBar:{disableProgressBar:true},\n\t\t\t\t\t\t\t\tnavigation: {\n\t\t\t\t\t\t\t\t\tonHoverStop:false\n\t\t\t\t\t\t\t\t},\n\t\t\t\t\t\t\t\tfallbacks: {\n\t\t\t\t\t\t\t\t\tallowHTML5AutoPlayOnAndroid:true\n\t\t\t\t\t\t\t\t},\n\t\t\t\t\t\t\t});\n\t\t\t\t\t\t}\n\t\t\t\t\t\t\n\t\t\t\t\t});\n\t\t\t\t\t} \/\/ End of RevInitScript\n\t\t\t\tvar once_revslider531 = false;\n\t\t\t\tif (document.readyState === \"loading\") {document.addEventListener('readystatechange',function() { if((document.readyState === \"interactive\" || document.readyState === \"complete\") && !once_revslider531 ) { once_revslider531 = true; revinit_revslider531();}});} else {once_revslider531 = true; revinit_revslider531();}\n\t\t\t\t<\/script>\n\t\t\t<\/rs-module-wrap>\n\t\t\t<!-- END REVOLUTION SLIDER -->\n[\/vc_column][\/vc_row][vc_row row_type=&#8221;row&#8221; use_row_as_full_screen_section=&#8221;no&#8221; type=&#8221;full_width&#8221; text_align=&#8221;left&#8221; background_animation=&#8221;none&#8221; css_animation=&#8221;&#8221;][vc_column width=&#8221;1\/6&#8243;][\/vc_column][vc_column width=&#8221;2\/3&#8243;][\/vc_column][vc_column width=&#8221;1\/6&#8243;][\/vc_column][\/vc_row][vc_row row_type=&#8221;row&#8221; use_row_as_full_screen_section=&#8221;no&#8221; type=&#8221;full_width&#8221; text_align=&#8221;left&#8221; background_animation=&#8221;none&#8221; css_animation=&#8221;&#8221; css=&#8221;.vc_custom_1625492141240{margin-top: 30px !important;margin-bottom: 30px !important;}&#8221;][vc_column width=&#8221;1\/6&#8243;][\/vc_column][vc_column width=&#8221;2\/3&#8243;][vc_separator type=&#8221;normal&#8221; border_style=&#8221;&#8221; thickness=&#8221;2&#8243;][\/vc_column][vc_column width=&#8221;1\/6&#8243;][\/vc_column][\/vc_row][vc_row row_type=&#8221;row&#8221; use_row_as_full_screen_section=&#8221;no&#8221; type=&#8221;full_width&#8221; text_align=&#8221;left&#8221; background_animation=&#8221;none&#8221; css_animation=&#8221;&#8221;][vc_column][vc_column_text]<\/p>\n<h5 style=\"text-align: center;\">BOARD OF DIRECTORS<\/h5>\n<p>[\/vc_column_text][vc_row_inner row_type=&#8221;row&#8221; type=&#8221;full_width&#8221; use_row_as_full_screen_section_slide=&#8221;no&#8221; text_align=&#8221;left&#8221; css_animation=&#8221;&#8221;][vc_column_inner width=&#8221;1\/5&#8243;][\/vc_column_inner][vc_column_inner width=&#8221;1\/5&#8243;][vc_column_text]<strong>EWA CELINSKI<\/strong><\/p>\n<p><em>President<\/em>[\/vc_column_text][\/vc_column_inner][vc_column_inner width=&#8221;1\/5&#8243;][vc_column_text]<strong>SUE WINSLOW-SPRAGGE<\/strong><\/p>\n<p><em>Fundraising Coordinator<\/em>[\/vc_column_text][\/vc_column_inner][vc_column_inner width=&#8221;1\/5&#8243;][vc_column_text]<strong>SYLWIA KACZMARSKA<\/strong><\/p>\n<p><em>Member at large (interim)<\/em>[\/vc_column_text][\/vc_column_inner][vc_column_inner width=&#8221;1\/5&#8243;][\/vc_column_inner][\/vc_row_inner][vc_row_inner row_type=&#8221;row&#8221; type=&#8221;full_width&#8221; use_row_as_full_screen_section_slide=&#8221;no&#8221; text_align=&#8221;left&#8221; css_animation=&#8221;&#8221; css=&#8221;.vc_custom_1625495342754{margin-top: 20px !important;}&#8221;][vc_column_inner width=&#8221;1\/3&#8243;][\/vc_column_inner][vc_column_inner width=&#8221;1\/3&#8243;][vc_column_text]<strong>MICHEL BROUSSEAU<\/strong><\/p>\n<p><em>Artistic Director, Ex-officio<\/em>[\/vc_column_text][\/vc_column_inner][vc_column_inner width=&#8221;1\/3&#8243;][\/vc_column_inner][\/vc_row_inner][\/vc_column][\/vc_row][vc_row row_type=&#8221;row&#8221; use_row_as_full_screen_section=&#8221;no&#8221; type=&#8221;full_width&#8221; text_align=&#8221;left&#8221; background_animation=&#8221;none&#8221; css_animation=&#8221;&#8221; css=&#8221;.vc_custom_1625493250994{margin-top: 30px !important;}&#8221;][vc_column width=&#8221;1\/6&#8243;][\/vc_column][vc_column width=&#8221;2\/3&#8243;][vc_separator type=&#8221;normal&#8221; border_style=&#8221;&#8221; thickness=&#8221;2&#8243;][\/vc_column][vc_column width=&#8221;1\/6&#8243;][\/vc_column][\/vc_row][vc_row row_type=&#8221;row&#8221; use_row_as_full_screen_section=&#8221;no&#8221; type=&#8221;full_width&#8221; text_align=&#8221;left&#8221; background_animation=&#8221;none&#8221; css_animation=&#8221;&#8221;][vc_column width=&#8221;1\/6&#8243;][\/vc_column][vc_column width=&#8221;2\/3&#8243;][vc_column_text css=&#8221;.vc_custom_1690316731376{margin-top: 30px !important;margin-bottom: 30px !important;}&#8221;]<\/p>\n<div align=\"justify\"><strong><img loading=\"lazy\" decoding=\"async\" class=\" wp-image-5036 alignleft\" src=\"https:\/\/spnm.ca\/wp-content\/uploads\/2023\/07\/thumbnail_Anthony-Lampron-photo-300x300.jpg\" alt=\"\" width=\"240\" height=\"240\" srcset=\"https:\/\/spnm.ca\/wp-content\/uploads\/2023\/07\/thumbnail_Anthony-Lampron-photo-300x300.jpg 300w, https:\/\/spnm.ca\/wp-content\/uploads\/2023\/07\/thumbnail_Anthony-Lampron-photo-100x100.jpg 100w, https:\/\/spnm.ca\/wp-content\/uploads\/2023\/07\/thumbnail_Anthony-Lampron-photo.jpg 480w\" sizes=\"(max-width: 240px) 100vw, 240px\" \/>ANTHONY LAMPRON<\/strong><\/div>\n<div align=\"justify\">Rehearsal pianist<\/div>\n<div align=\"justify\">\n<p>&nbsp;<\/p>\n<p>For many years, Canadian pianist Anthony Lampron has worked as an accompanist, repetiteur and vocal coach. In the course of his practice, he has developed a strong affinity for vocal repertoire, coupled with a keen interest in languages and their use. In addition to his work as the accompanist with the Choeur Classique de l\u2019Outaouais and the Ottawa classical choir, he has worked with several singers and choirs, including the Choeur d&#8217;enfants de l&#8217;\u00c9cole Mass\u00e9, the Choeur Alarica, the Chorale Pop de Montr\u00e9al and the choir La Chanterelle de la Li\u00e8vre, which he accompanied on a musical tour of France and Spain in 2018.<\/p>\n<p>As soloist, he was heard at the Candlelight concerts in Ottawa and Montreal in the <em>Tribute to Coldplay<\/em> and <em>Tribute to Elton John<\/em> concerts. He also played the solo celesta part in Tchaikovsky&#8217;s <em>Nutcracker<\/em> ballet presented by the Orchestre symphonique de Gatineau in 2021. In addition to his solo commitments, he accompanied the ballet classes of <em>The School of Dance<\/em> in Ottawa in 2021-2022. Previously, he had worked in July 2018 at <em>Corso di Perfezionamente<\/em> in Italy and in July 2017 at the Bologna International Opera Academy in Italy as well as at McGill University, from 2013-2015.<\/p>\n<p>His performances as a repetiteur include operas, operettas and musicals. On the opera side, there has been <em>Falstaff<\/em> (Verdi), <em>L&#8217;Heure espagnole<\/em> (Ravel) and <em>Cavalleria rusticana<\/em> (Mascagni) with the Th\u00e9\u00e2tre d&#8217;art lyrique de Laval. With the Atelier Lyrique de Chambly, he was able to tackle the operettas <em>La Chauve-Souris<\/em> (Strauss), <em>La P\u00e9richole<\/em> (Offenbach) and <em>Les Bavards<\/em> (Offenbach). The musicals <em>Wicked<\/em> (Schwartz) and <em>Il \u00e9tait un pois<\/em> &#8230; (Rodgers) were rehearsed with the University of Montreal&#8217;s Musical Theatre.<\/p>\n<p>After his studies in interpretation piano at the University of Montreal, he perfected his vocal coaching skills with pianists Denyse Saint-Pierre, Esther Gonthier and Byron Knutson in Berlin, Germany.\u00a0 Since September 2022, he undertakes his master&#8217;s degree in piano accompaniment at the University of Ottawa under the direction of pianist Fr\u00e9d\u00e9ric Lacroix.<\/p>\n<\/div>\n<p>[\/vc_column_text][\/vc_column][vc_column width=&#8221;1\/6&#8243;][\/vc_column][\/vc_row][vc_row row_type=&#8221;row&#8221; use_row_as_full_screen_section=&#8221;no&#8221; type=&#8221;full_width&#8221; text_align=&#8221;left&#8221; background_animation=&#8221;none&#8221; css_animation=&#8221;&#8221;][vc_column width=&#8221;1\/6&#8243;][\/vc_column][vc_column width=&#8221;2\/3&#8243;][vc_separator type=&#8221;normal&#8221; border_style=&#8221;&#8221; thickness=&#8221;2&#8243;][\/vc_column][vc_column width=&#8221;1\/6&#8243;][\/vc_column][\/vc_row][vc_row row_type=&#8221;row&#8221; use_row_as_full_screen_section=&#8221;no&#8221; type=&#8221;full_width&#8221; text_align=&#8221;left&#8221; background_animation=&#8221;none&#8221; css_animation=&#8221;&#8221; css=&#8221;.vc_custom_1625427042003{margin-top: 30px !important;margin-bottom: 50px !important;}&#8221;][vc_column width=&#8221;1\/6&#8243;][\/vc_column][vc_column width=&#8221;1\/3&#8243;][vc_column_text]<strong>REHEARSALS\u00a0<\/strong><\/p>\n<p>&nbsp;<\/p>\n<p>THURSDAY NIGHTS<br \/>\nfrom\u00a0 \u00a07 H 00\u00a0 \u00a0\u00c0\u00a0\u00a0 10 H 00<\/p>\n<p>&nbsp;<\/p>\n<p>at Martin Luther church, formally Mount Calvary Lutheran church, 933, Smyth rd,<br \/>\nfrom early September to mid-June.[\/vc_column_text][vc_single_image image=&#8221;2197&#8243; img_size=&#8221;full&#8221; qode_css_animation=&#8221;&#8221; css=&#8221;.vc_custom_1625426863557{margin-top: 30px !important;}&#8221;][\/vc_column][vc_column width=&#8221;1\/3&#8243;][vc_gmaps link=&#8221;#E-8_JTNDaWZyYW1lJTIwc3JjJTNEJTIyaHR0cHMlM0ElMkYlMkZ3d3cuZ29vZ2xlLmNvbSUyRm1hcHMlMkZlbWJlZCUzRnBiJTNEJTIxMW0xOCUyMTFtMTIlMjExbTMlMjExZDI4MDEuNDA2NjcwNTYyMTAwOCUyMTJkLTc1LjYyOTA2MDI0ODY5Njc1JTIxM2Q0NS40MDExMzgzNzg5OTc4MzUlMjEybTMlMjExZjAlMjEyZjAlMjEzZjAlMjEzbTIlMjExaTEwMjQlMjEyaTc2OCUyMTRmMTMuMSUyMTNtMyUyMTFtMiUyMTFzMHg0Y2NlMGYxMzA2MWI5Yzc1JTI1M0EweDk2OWM5Y2Q2NWYxOGI1NmUlMjEyc01vdW50JTI1MjBDYWx2YXJ5JTI1MjBMdXRoZXJhbiUyNTIwQ2h1cmNoJTIxNWUwJTIxM20yJTIxMXNmciUyMTJzY2ElMjE0djE2MjU0MDU5MTM5NDclMjE1bTIlMjExc2ZyJTIxMnNjYSUyMiUyMHdpZHRoJTNEJTIyNjAwJTIyJTIwaGVpZ2h0JTNEJTIyNDE1JTIyJTIwc3R5bGUlM0QlMjJib3JkZXIlM0ExcHglM0IlMjIlMjBhbGxvd2Z1bGxzY3JlZW4lM0QlMjIlMjIlMjBsb2FkaW5nJTNEJTIybGF6eSUyMiUzRSUzQyUyRmlmcmFtZSUzRQ==&#8221; css=&#8221;.vc_custom_1625499970386{border-top-width: 1px !important;border-right-width: 1px !important;border-bottom-width: 1px !important;border-left-width: 1px !important;border-left-color: #a3a3a3 !important;border-left-style: solid !important;border-right-color: #a3a3a3 !important;border-right-style: solid !important;border-top-color: #a3a3a3 !important;border-top-style: solid !important;border-bottom-color: #a3a3a3 !important;border-bottom-style: solid !important;}&#8221;][\/vc_column][vc_column width=&#8221;1\/6&#8243;][\/vc_column][\/vc_row][vc_row row_type=&#8221;row&#8221; use_row_as_full_screen_section=&#8221;no&#8221; type=&#8221;full_width&#8221; text_align=&#8221;left&#8221; background_animation=&#8221;none&#8221; css_animation=&#8221;&#8221; css=&#8221;.vc_custom_1625500111982{margin-bottom: 50px !important;}&#8221;][vc_column][vc_column_text]<\/p>\n<h3 style=\"text-align: center;\"><i>YOU CAN JOIN US BY\u00a0<span style=\"color: #0000ff;\"><a style=\"color: #0000ff;\" href=\"https:\/\/spnm.ca\/en\/ottawa\/auditions-ott\"><strong>CLICKING HERE<\/strong><\/a><\/span><\/i><\/h3>\n<p>[\/vc_column_text][\/vc_column][\/vc_row]<\/p>\n","protected":false},"excerpt":{"rendered":"<p>[vc_row row_type=&#8221;row&#8221; use_row_as_full_screen_section=&#8221;no&#8221; type=&#8221;full_width&#8221; text_align=&#8221;left&#8221; background_animation=&#8221;none&#8221; css_animation=&#8221;&#8221; css=&#8221;.vc_custom_1618336926507{margin-bottom: 50px !important;}&#8221;][vc_column][\/vc_column][\/vc_row][vc_row row_type=&#8221;row&#8221; use_row_as_full_screen_section=&#8221;no&#8221; type=&#8221;full_width&#8221; text_align=&#8221;left&#8221; background_animation=&#8221;none&#8221; css_animation=&#8221;&#8221;][vc_column width=&#8221;1\/6&#8243;][\/vc_column][vc_column width=&#8221;2\/3&#8243;][\/vc_column][vc_column width=&#8221;1\/6&#8243;][\/vc_column][\/vc_row][vc_row row_type=&#8221;row&#8221; use_row_as_full_screen_section=&#8221;no&#8221; type=&#8221;full_width&#8221; text_align=&#8221;left&#8221; background_animation=&#8221;none&#8221; css_animation=&#8221;&#8221; css=&#8221;.vc_custom_1625492141240{margin-top: 30px !important;margin-bottom: 30px !important;}&#8221;][vc_column width=&#8221;1\/6&#8243;][\/vc_column][vc_column width=&#8221;2\/3&#8243;][vc_separator type=&#8221;normal&#8221; border_style=&#8221;&#8221; thickness=&#8221;2&#8243;][\/vc_column][vc_column width=&#8221;1\/6&#8243;][\/vc_column][\/vc_row][vc_row row_type=&#8221;row&#8221; use_row_as_full_screen_section=&#8221;no&#8221; type=&#8221;full_width&#8221; text_align=&#8221;left&#8221; background_animation=&#8221;none&#8221; css_animation=&#8221;&#8221;][vc_column][vc_column_text] BOARD OF DIRECTORS&#8230;<\/p>\n","protected":false},"author":230,"featured_media":0,"parent":0,"menu_order":0,"comment_status":"closed","ping_status":"closed","template":"","meta":{"footnotes":""},"class_list":["post-1975","page","type-page","status-publish","hentry"],"yoast_head":"<!-- This site is optimized with the Yoast SEO plugin v23.3 - https:\/\/yoast.com\/wordpress\/plugins\/seo\/ -->\n<title>Ottawa - SPNM<\/title>\n<meta name=\"robots\" content=\"index, follow, max-snippet:-1, max-image-preview:large, max-video-preview:-1\" \/>\n<link rel=\"canonical\" href=\"https:\/\/spnm.ca\/en\/ottawa\/\" \/>\n<meta property=\"og:locale\" content=\"en_US\" \/>\n<meta property=\"og:type\" content=\"article\" \/>\n<meta property=\"og:title\" content=\"Ottawa - SPNM\" \/>\n<meta property=\"og:description\" content=\"[vc_row row_type=&#8221;row&#8221; use_row_as_full_screen_section=&#8221;no&#8221; type=&#8221;full_width&#8221; text_align=&#8221;left&#8221; background_animation=&#8221;none&#8221; css_animation=&#8221;&#8221; css=&#8221;.vc_custom_1618336926507{margin-bottom: 50px !important;}&#8221;][vc_column][\/vc_column][\/vc_row][vc_row row_type=&#8221;row&#8221; use_row_as_full_screen_section=&#8221;no&#8221; type=&#8221;full_width&#8221; text_align=&#8221;left&#8221; background_animation=&#8221;none&#8221; css_animation=&#8221;&#8221;][vc_column width=&#8221;1\/6&#8243;][\/vc_column][vc_column width=&#8221;2\/3&#8243;][\/vc_column][vc_column width=&#8221;1\/6&#8243;][\/vc_column][\/vc_row][vc_row row_type=&#8221;row&#8221; use_row_as_full_screen_section=&#8221;no&#8221; type=&#8221;full_width&#8221; text_align=&#8221;left&#8221; background_animation=&#8221;none&#8221; css_animation=&#8221;&#8221; css=&#8221;.vc_custom_1625492141240{margin-top: 30px !important;margin-bottom: 30px !important;}&#8221;][vc_column width=&#8221;1\/6&#8243;][\/vc_column][vc_column width=&#8221;2\/3&#8243;][vc_separator type=&#8221;normal&#8221; border_style=&#8221;&#8221; thickness=&#8221;2&#8243;][\/vc_column][vc_column width=&#8221;1\/6&#8243;][\/vc_column][\/vc_row][vc_row row_type=&#8221;row&#8221; use_row_as_full_screen_section=&#8221;no&#8221; type=&#8221;full_width&#8221; text_align=&#8221;left&#8221; background_animation=&#8221;none&#8221; css_animation=&#8221;&#8221;][vc_column][vc_column_text] BOARD OF DIRECTORS...\" \/>\n<meta property=\"og:url\" content=\"https:\/\/spnm.ca\/en\/ottawa\/\" \/>\n<meta property=\"og:site_name\" content=\"SPNM\" \/>\n<meta property=\"article:modified_time\" content=\"2026-01-26T20:25:34+00:00\" \/>\n<meta property=\"og:image\" content=\"https:\/\/spnm.ca\/wp-content\/uploads\/2023\/07\/thumbnail_Anthony-Lampron-photo-300x300.jpg\" \/>\n<meta name=\"twitter:card\" content=\"summary_large_image\" \/>\n<meta name=\"twitter:label1\" content=\"Est. reading time\" \/>\n\t<meta name=\"twitter:data1\" content=\"4 minutes\" \/>\n<!-- \/ Yoast SEO plugin. -->","yoast_head_json":{"title":"Ottawa - SPNM","robots":{"index":"index","follow":"follow","max-snippet":"max-snippet:-1","max-image-preview":"max-image-preview:large","max-video-preview":"max-video-preview:-1"},"canonical":"https:\/\/spnm.ca\/en\/ottawa\/","og_locale":"en_US","og_type":"article","og_title":"Ottawa - SPNM","og_description":"[vc_row row_type=&#8221;row&#8221; use_row_as_full_screen_section=&#8221;no&#8221; type=&#8221;full_width&#8221; text_align=&#8221;left&#8221; background_animation=&#8221;none&#8221; css_animation=&#8221;&#8221; css=&#8221;.vc_custom_1618336926507{margin-bottom: 50px !important;}&#8221;][vc_column][\/vc_column][\/vc_row][vc_row row_type=&#8221;row&#8221; use_row_as_full_screen_section=&#8221;no&#8221; type=&#8221;full_width&#8221; text_align=&#8221;left&#8221; background_animation=&#8221;none&#8221; css_animation=&#8221;&#8221;][vc_column width=&#8221;1\/6&#8243;][\/vc_column][vc_column width=&#8221;2\/3&#8243;][\/vc_column][vc_column width=&#8221;1\/6&#8243;][\/vc_column][\/vc_row][vc_row row_type=&#8221;row&#8221; use_row_as_full_screen_section=&#8221;no&#8221; type=&#8221;full_width&#8221; text_align=&#8221;left&#8221; background_animation=&#8221;none&#8221; css_animation=&#8221;&#8221; css=&#8221;.vc_custom_1625492141240{margin-top: 30px !important;margin-bottom: 30px !important;}&#8221;][vc_column width=&#8221;1\/6&#8243;][\/vc_column][vc_column width=&#8221;2\/3&#8243;][vc_separator type=&#8221;normal&#8221; border_style=&#8221;&#8221; thickness=&#8221;2&#8243;][\/vc_column][vc_column width=&#8221;1\/6&#8243;][\/vc_column][\/vc_row][vc_row row_type=&#8221;row&#8221; use_row_as_full_screen_section=&#8221;no&#8221; type=&#8221;full_width&#8221; text_align=&#8221;left&#8221; background_animation=&#8221;none&#8221; css_animation=&#8221;&#8221;][vc_column][vc_column_text] BOARD OF DIRECTORS...","og_url":"https:\/\/spnm.ca\/en\/ottawa\/","og_site_name":"SPNM","article_modified_time":"2026-01-26T20:25:34+00:00","og_image":[{"url":"https:\/\/spnm.ca\/wp-content\/uploads\/2023\/07\/thumbnail_Anthony-Lampron-photo-300x300.jpg"}],"twitter_card":"summary_large_image","twitter_misc":{"Est. reading time":"4 minutes"},"schema":{"@context":"https:\/\/schema.org","@graph":[{"@type":"WebPage","@id":"https:\/\/spnm.ca\/en\/ottawa\/","url":"https:\/\/spnm.ca\/en\/ottawa\/","name":"Ottawa - SPNM","isPartOf":{"@id":"https:\/\/spnm.ca\/#website"},"primaryImageOfPage":{"@id":"https:\/\/spnm.ca\/en\/ottawa\/#primaryimage"},"image":{"@id":"https:\/\/spnm.ca\/en\/ottawa\/#primaryimage"},"thumbnailUrl":"https:\/\/spnm.ca\/wp-content\/uploads\/2023\/07\/thumbnail_Anthony-Lampron-photo-300x300.jpg","datePublished":"2021-06-30T12:23:04+00:00","dateModified":"2026-01-26T20:25:34+00:00","breadcrumb":{"@id":"https:\/\/spnm.ca\/en\/ottawa\/#breadcrumb"},"inLanguage":"en-US","potentialAction":[{"@type":"ReadAction","target":["https:\/\/spnm.ca\/en\/ottawa\/"]}]},{"@type":"ImageObject","inLanguage":"en-US","@id":"https:\/\/spnm.ca\/en\/ottawa\/#primaryimage","url":"https:\/\/spnm.ca\/wp-content\/uploads\/2023\/07\/thumbnail_Anthony-Lampron-photo-300x300.jpg","contentUrl":"https:\/\/spnm.ca\/wp-content\/uploads\/2023\/07\/thumbnail_Anthony-Lampron-photo-300x300.jpg"},{"@type":"BreadcrumbList","@id":"https:\/\/spnm.ca\/en\/ottawa\/#breadcrumb","itemListElement":[{"@type":"ListItem","position":1,"name":"Accueil","item":"https:\/\/spnm.ca\/en\/"},{"@type":"ListItem","position":2,"name":"Ottawa"}]},{"@type":"WebSite","@id":"https:\/\/spnm.ca\/#website","url":"https:\/\/spnm.ca\/","name":"SPNM","description":"Concerts Classiques","publisher":{"@id":"https:\/\/spnm.ca\/#organization"},"potentialAction":[{"@type":"SearchAction","target":{"@type":"EntryPoint","urlTemplate":"https:\/\/spnm.ca\/?s={search_term_string}"},"query-input":"required name=search_term_string"}],"inLanguage":"en-US"},{"@type":"Organization","@id":"https:\/\/spnm.ca\/#organization","name":"Soci\u00e9t\u00e9 philharmonique du Nouveau Monde","url":"https:\/\/spnm.ca\/","logo":{"@type":"ImageObject","inLanguage":"en-US","@id":"https:\/\/spnm.ca\/#\/schema\/logo\/image\/","url":"https:\/\/spnm.ca\/wp-content\/uploads\/2021\/06\/LogoBLPNM2.png","contentUrl":"https:\/\/spnm.ca\/wp-content\/uploads\/2021\/06\/LogoBLPNM2.png","width":286,"height":100,"caption":"Soci\u00e9t\u00e9 philharmonique du Nouveau Monde"},"image":{"@id":"https:\/\/spnm.ca\/#\/schema\/logo\/image\/"}}]}},"_links":{"self":[{"href":"https:\/\/spnm.ca\/en\/wp-json\/wp\/v2\/pages\/1975"}],"collection":[{"href":"https:\/\/spnm.ca\/en\/wp-json\/wp\/v2\/pages"}],"about":[{"href":"https:\/\/spnm.ca\/en\/wp-json\/wp\/v2\/types\/page"}],"author":[{"embeddable":true,"href":"https:\/\/spnm.ca\/en\/wp-json\/wp\/v2\/users\/230"}],"replies":[{"embeddable":true,"href":"https:\/\/spnm.ca\/en\/wp-json\/wp\/v2\/comments?post=1975"}],"version-history":[{"count":40,"href":"https:\/\/spnm.ca\/en\/wp-json\/wp\/v2\/pages\/1975\/revisions"}],"predecessor-version":[{"id":6322,"href":"https:\/\/spnm.ca\/en\/wp-json\/wp\/v2\/pages\/1975\/revisions\/6322"}],"wp:attachment":[{"href":"https:\/\/spnm.ca\/en\/wp-json\/wp\/v2\/media?parent=1975"}],"curies":[{"name":"wp","href":"https:\/\/api.w.org\/{rel}","templated":true}]}}