{"id":1980,"date":"2021-06-30T12:52:38","date_gmt":"2021-06-30T12:52:38","guid":{"rendered":"https:\/\/spnm.ca\/?page_id=1980"},"modified":"2025-11-19T18:00:41","modified_gmt":"2025-11-19T22:00:41","slug":"basses-laurentides","status":"publish","type":"page","link":"https:\/\/spnm.ca\/en\/basses-laurentides\/","title":{"rendered":"Basses-Laurentides"},"content":{"rendered":"<p>[vc_row row_type=&#8221;row&#8221; use_row_as_full_screen_section=&#8221;no&#8221; type=&#8221;full_width&#8221; text_align=&#8221;left&#8221; background_animation=&#8221;none&#8221; css_animation=&#8221;&#8221; css=&#8221;.vc_custom_1618336926507{margin-bottom: 50px !important;}&#8221;][vc_column]\n\t\t\t<!-- START BassesLaurentides REVOLUTION SLIDER 6.4.6 --><p class=\"rs-p-wp-fix\"><\/p>\n\t\t\t<rs-module-wrap id=\"rev_slider_52_1_wrapper\" data-source=\"gallery\" style=\"background:transparent;padding:0;margin:0px auto;margin-top:0;margin-bottom:0;\">\n\t\t\t\t<rs-module id=\"rev_slider_52_1\" style=\"\" data-version=\"6.4.6\">\n\t\t\t\t\t<rs-slides>\n\t\t\t\t\t\t<rs-slide data-key=\"rs-54\" data-title=\"Slide\" data-anim=\"ms:50;\" data-in=\"o:0;\" data-out=\"a:false;\" data-d3=\"f:cube;d:vertical;z:450;t:-45;e:sine.inOut;su:true;\">\n\t\t\t\t\t\t\t<img loading=\"lazy\" decoding=\"async\" src=\"\/\/spnm.ca\/wp-content\/uploads\/2021\/07\/Ste2.jpg\" title=\"Ste2\" width=\"1920\" height=\"500\" class=\"rev-slidebg tp-rs-img\" data-panzoom=\"d:10000;ss:100;se:100;\" data-no-retina>\n<!--\n\t\t\t\t\t\t\t--><rs-layer\n\t\t\t\t\t\t\t\tid=\"slider-52-slide-54-layer-0\" \n\t\t\t\t\t\t\t\tdata-type=\"text\"\n\t\t\t\t\t\t\t\tdata-color=\"#007aff\"\n\t\t\t\t\t\t\t\tdata-rsp_ch=\"on\"\n\t\t\t\t\t\t\t\tdata-xy=\"x:c;y:m;yo:50px,41px,31px,19px;\"\n\t\t\t\t\t\t\t\tdata-text=\"w:normal;s:28,23,17,10;l:25,20,15,9;ls:2px,1px,0px,0px;fw:900;\"\n\t\t\t\t\t\t\t\tdata-tst=\"c:#007aff;\"\n\t\t\t\t\t\t\t\tdata-frame_1=\"sp:70;\"\n\t\t\t\t\t\t\t\tdata-frame_999=\"o:0;st:8810;sp:240;sR:8740;\"\n\t\t\t\t\t\t\t\tstyle=\"z-index:6;font-family:Roboto;\"\n\t\t\t\t\t\t\t>\u2022  BASSES-LAURENTIDES  \u2022 \n\t\t\t\t\t\t\t<\/rs-layer><!--\n\n\t\t\t\t\t\t\t--><rs-layer\n\t\t\t\t\t\t\t\tid=\"slider-52-slide-54-layer-1\" \n\t\t\t\t\t\t\t\tdata-type=\"text\"\n\t\t\t\t\t\t\t\tdata-color=\"#007aff\"\n\t\t\t\t\t\t\t\tdata-tsh=\"c:rgba(0,0,0,0.48);h:3px,2px,1px,0px;v:3px,2px,1px,0px;b:3px,2px,1px,0px;\"\n\t\t\t\t\t\t\t\tdata-rsp_ch=\"on\"\n\t\t\t\t\t\t\t\tdata-xy=\"x:c;y:m;\"\n\t\t\t\t\t\t\t\tdata-text=\"w:normal;s:40,33,25,15;l:50,41,31,19;ls:3px,2px,1px,0px;fw:900;a:center;\"\n\t\t\t\t\t\t\t\tdata-tst=\"w:2px,1px,1px,1px;c:#ffffff;\"\n\t\t\t\t\t\t\t\tdata-frame_1=\"sp:160;\"\n\t\t\t\t\t\t\t\tdata-frame_999=\"o:0;st:8810;sp:240;sR:8650;\"\n\t\t\t\t\t\t\t\tstyle=\"z-index:5;font-family:Roboto;\"\n\t\t\t\t\t\t\t>Choeur philharmonique du Nouveau Monde \n\t\t\t\t\t\t\t<\/rs-layer><!--\n-->\t\t\t\t\t\t<\/rs-slide>\n\t\t\t\t\t<\/rs-slides>\n\t\t\t\t<\/rs-module>\n\t\t\t\t<script type=\"text\/javascript\">\n\t\t\t\t\tsetREVStartSize({c: 'rev_slider_52_1',rl:[1240,1024,778,480],el:[500,645,780,760],gw:[1240,1024,778,480],gh:[500,500,780,760],type:'hero',justify:'',layout:'fullwidth',mh:\"0\"});\n\t\t\t\t\tvar\trevapi52,\n\t\t\t\t\t\ttpj;\n\t\t\t\t\tfunction revinit_revslider521() {\n\t\t\t\t\tjQuery(function() {\n\t\t\t\t\t\ttpj = jQuery;\n\t\t\t\t\t\trevapi52 = tpj(\"#rev_slider_52_1\");\n\t\t\t\t\t\tif(revapi52==undefined || revapi52.revolution == undefined){\n\t\t\t\t\t\t\trevslider_showDoubleJqueryError(\"rev_slider_52_1\");\n\t\t\t\t\t\t}else{\n\t\t\t\t\t\t\trevapi52.revolution({\n\t\t\t\t\t\t\t\tsliderType:\"hero\",\n\t\t\t\t\t\t\t\tDPR:\"dpr\",\n\t\t\t\t\t\t\t\tsliderLayout:\"fullwidth\",\n\t\t\t\t\t\t\t\tvisibilityLevels:\"1240,1024,778,480\",\n\t\t\t\t\t\t\t\tgridwidth:\"1240,1024,778,480\",\n\t\t\t\t\t\t\t\tgridheight:\"500,500,780,760\",\n\t\t\t\t\t\t\t\tperspective:600,\n\t\t\t\t\t\t\t\tperspectiveType:\"global\",\n\t\t\t\t\t\t\t\teditorheight:\"500,645,780,760\",\n\t\t\t\t\t\t\t\tresponsiveLevels:\"1240,1024,778,480\",\n\t\t\t\t\t\t\t\tprogressBar:{disableProgressBar:true},\n\t\t\t\t\t\t\t\tnavigation: {\n\t\t\t\t\t\t\t\t\tonHoverStop:false\n\t\t\t\t\t\t\t\t},\n\t\t\t\t\t\t\t\tfallbacks: {\n\t\t\t\t\t\t\t\t\tallowHTML5AutoPlayOnAndroid:true\n\t\t\t\t\t\t\t\t},\n\t\t\t\t\t\t\t});\n\t\t\t\t\t\t}\n\t\t\t\t\t\t\n\t\t\t\t\t});\n\t\t\t\t\t} \/\/ End of RevInitScript\n\t\t\t\tvar once_revslider521 = false;\n\t\t\t\tif (document.readyState === \"loading\") {document.addEventListener('readystatechange',function() { if((document.readyState === \"interactive\" || document.readyState === \"complete\") && !once_revslider521 ) { once_revslider521 = true; revinit_revslider521();}});} else {once_revslider521 = true; revinit_revslider521();}\n\t\t\t\t<\/script>\n\t\t\t<\/rs-module-wrap>\n\t\t\t<!-- END REVOLUTION SLIDER -->\n[\/vc_column][\/vc_row][vc_row row_type=&#8221;row&#8221; use_row_as_full_screen_section=&#8221;no&#8221; type=&#8221;full_width&#8221; text_align=&#8221;left&#8221; background_animation=&#8221;none&#8221; css_animation=&#8221;&#8221; css=&#8221;.vc_custom_1623678943659{margin-bottom: 50px !important;}&#8221;][vc_column width=&#8221;1\/6&#8243;][\/vc_column][vc_column width=&#8221;2\/3&#8243;][vc_column_text css=&#8221;.vc_custom_1763589637162{padding-bottom: 50px !important;}&#8221;]<img loading=\"lazy\" decoding=\"async\" class=\"wp-image-5733 alignleft\" src=\"https:\/\/spnm.ca\/wp-content\/uploads\/2024\/11\/andre_gervais-rotated.jpg\" alt=\"\" width=\"195\" height=\"260\" srcset=\"https:\/\/spnm.ca\/wp-content\/uploads\/2024\/11\/andre_gervais-rotated.jpg 1368w, https:\/\/spnm.ca\/wp-content\/uploads\/2024\/11\/andre_gervais-225x300.jpg 225w, https:\/\/spnm.ca\/wp-content\/uploads\/2024\/11\/andre_gervais-768x1024.jpg 768w, https:\/\/spnm.ca\/wp-content\/uploads\/2024\/11\/andre_gervais-1152x1536.jpg 1152w, https:\/\/spnm.ca\/wp-content\/uploads\/2024\/11\/andre_gervais-600x800.jpg 600w, https:\/\/spnm.ca\/wp-content\/uploads\/2024\/11\/andre_gervais-700x933.jpg 700w, https:\/\/spnm.ca\/wp-content\/uploads\/2024\/11\/andre_gervais-1100x1467.jpg 1100w\" sizes=\"(max-width: 195px) 100vw, 195px\" \/><\/p>\n<div style=\"text-align: justify;\">\n<p>A choir is a place of meeting and sharing.<\/p>\n<p>As Choeur philharmonique du Nouveau Monde- Basses-Laurentides we are proud to join the other SPNM members, including professional musicians and soloists, for the presentation of major choral works for choir and orchestra.<\/p>\n<p>For more than 60 years, first under the name &#8220;Les Chanteurs de Sainte-Th\u00e9r\u00e8se&#8221; and then under our current name, we have performed in several cities of the Lower Laurentians, Montreal and Ottawa. To do this, our choristers meet every Monday in Sainte-Th\u00e9r\u00e8se under the inspiring direction of maestro Michel Brousseau, admirably assisted by Danielle Maisonneuve.<\/p>\n<p>Although we are a choir composed largely of non-professional choristers, the level reached concert after concert is truly remarkable. The exceptional commitment and constant efforts of our choristers make singing a contagious pleasure.<\/p>\n<p>This year, in the month of May, we will present in the magnificent historic church of St-Eustache recognized for its exceptional acoustics, the<em><strong> Requiem<\/strong><\/em> by John Rutter and the <em><strong>Misatango<\/strong><\/em> by Martin Palmeri, two works that correspond well to the theme of the concert: Light and Passion. You will also discover the winner of the 2025 Young Concertist competition, pianist Takashi New, who will perform the <em><strong>first movement of the 5th piano concerto<\/strong> <\/em>for choir and orchestra from Beethoven.\u00a0 You will be charmed!<\/p>\n<p>&nbsp;<\/p>\n<p>Get your tickets now by clicking on <strong>NEXT CONCERTS<\/strong> on top of this page.<\/p>\n<p>&nbsp;<\/p>\n<p>Andr\u00e9 Gervais<\/p>\n<p>Chair of the CPNM-BL<\/p>\n<\/div>\n<p>[\/vc_column_text][vc_separator type=&#8221;normal&#8221; border_style=&#8221;&#8221; thickness=&#8221;3&#8243; up=&#8221;30&#8243; color=&#8221;#d3d3d3&#8243;][\/vc_column][vc_column width=&#8221;1\/6&#8243;][\/vc_column][\/vc_row][vc_row row_type=&#8221;row&#8221; use_row_as_full_screen_section=&#8221;no&#8221; type=&#8221;full_width&#8221; text_align=&#8221;left&#8221; background_animation=&#8221;none&#8221; css_animation=&#8221;&#8221;][vc_column][vc_column_text]<\/p>\n<h5 style=\"text-align: center;\">BOARD OF DIRECTORS<\/h5>\n<p>[\/vc_column_text][\/vc_column][\/vc_row][vc_row row_type=&#8221;row&#8221; use_row_as_full_screen_section=&#8221;no&#8221; type=&#8221;full_width&#8221; text_align=&#8221;center&#8221; background_animation=&#8221;none&#8221; css_animation=&#8221;&#8221; css=&#8221;.vc_custom_1629936758914{margin-top: 30px !important;}&#8221;][vc_column width=&#8221;1\/6&#8243;][\/vc_column][vc_column width=&#8221;1\/6&#8243;][vc_single_image image=&#8221;5733&#8243; img_size=&#8221;150&#215;170&#8243; alignment=&#8221;center&#8221; style=&#8221;vc_box_shadow_3d&#8221; qode_css_animation=&#8221;&#8221;][vc_column_text]<span style=\"color: #808080;\"><strong>ANDR\u00c9 GERVAIS<\/strong><\/span><\/p>\n<p><span style=\"color: #808080;\"><em>President<\/em><\/span>[\/vc_column_text][\/vc_column][vc_column width=&#8221;1\/6&#8243;][vc_single_image image=&#8221;5817&#8243; img_size=&#8221;150&#215;170&#8243; alignment=&#8221;center&#8221; style=&#8221;vc_box_shadow_3d&#8221; qode_css_animation=&#8221;&#8221;][vc_column_text]<span style=\"color: #808080;\"><strong>LOUIS CHALOUX<\/strong><\/span><\/p>\n<p><span style=\"color: #808080;\"><em>Vice-president\u00a0<\/em><\/span>[\/vc_column_text][\/vc_column][vc_column width=&#8221;1\/6&#8243;][vc_single_image img_size=&#8221;150&#215;170&#8243; alignment=&#8221;center&#8221; style=&#8221;vc_box_shadow_3d&#8221; qode_css_animation=&#8221;&#8221;][vc_column_text]<span style=\"color: #808080;\"><strong>PIERRE FOUCHER<\/strong><\/span><\/p>\n<p><span style=\"color: #808080;\"><em>Secretary<\/em><\/span>[\/vc_column_text][\/vc_column][vc_column width=&#8221;1\/6&#8243;][vc_single_image image=&#8221;5310&#8243; img_size=&#8221;150X170&#8243; qode_css_animation=&#8221;&#8221;][vc_column_text]<strong>CAROLE VOISARD<\/strong><\/p>\n<p>Treasurer[\/vc_column_text][\/vc_column][\/vc_row][vc_row row_type=&#8221;row&#8221; use_row_as_full_screen_section=&#8221;no&#8221; type=&#8221;full_width&#8221; text_align=&#8221;center&#8221; background_animation=&#8221;none&#8221; css_animation=&#8221;&#8221; css=&#8221;.vc_custom_1629937223467{margin-top: 30px !important;margin-bottom: 30px !important;}&#8221;][vc_column width=&#8221;1\/6&#8243;][\/vc_column][vc_column width=&#8221;1\/6&#8243;][vc_single_image image=&#8221;5314&#8243; img_size=&#8221;150&#215;170&#8243; alignment=&#8221;center&#8221; style=&#8221;vc_box_shadow_3d&#8221; qode_css_animation=&#8221;&#8221;][vc_column_text]<span style=\"color: #808080;\"><strong>RACHEL LEMIEUX<\/strong><\/span><\/p>\n<p><span style=\"color: #808080;\"><em>Administrator<\/em><\/span>[\/vc_column_text][\/vc_column][vc_column width=&#8221;1\/6&#8243;][vc_single_image image=&#8221;4567&#8243; img_size=&#8221;150&#215;170&#8243; alignment=&#8221;center&#8221; style=&#8221;vc_box_shadow_3d&#8221; qode_css_animation=&#8221;&#8221;][vc_column_text]<span style=\"color: #808080;\"><strong>HUGUETTE ST-ONGE<\/strong><\/span><\/p>\n<p><span style=\"color: #808080;\"><em>Administrator<\/em><\/span>[\/vc_column_text][\/vc_column][vc_column width=&#8221;1\/6&#8243;][vc_single_image image=&#8221;4829&#8243; img_size=&#8221;150&#215;170&#8243; alignment=&#8221;center&#8221; style=&#8221;vc_box_shadow_3d&#8221; qode_css_animation=&#8221;&#8221;][vc_column_text]<span style=\"color: #808080;\"><strong>FRANCINE CYR<\/strong><\/span><\/p>\n<p><span style=\"color: #808080;\"><em>Administrator<\/em><\/span>[\/vc_column_text][\/vc_column][vc_column width=&#8221;1\/6&#8243;][vc_single_image image=&#8221;4024&#8243; img_size=&#8221;150&#215;170&#8243; qode_css_animation=&#8221;&#8221;][vc_column_text]<strong>MICHEL BROUSSEAU<\/strong><\/p>\n<p>Conductor and Artistic director[\/vc_column_text][\/vc_column][vc_column width=&#8221;1\/6&#8243;][\/vc_column][\/vc_row][vc_row row_type=&#8221;row&#8221; use_row_as_full_screen_section=&#8221;no&#8221; type=&#8221;full_width&#8221; text_align=&#8221;left&#8221; background_animation=&#8221;none&#8221; css_animation=&#8221;&#8221; css=&#8221;.vc_custom_1623685519265{margin-bottom: 30px !important;}&#8221;][vc_column width=&#8221;1\/6&#8243;][\/vc_column][vc_column width=&#8221;2\/3&#8243;][vc_separator type=&#8221;normal&#8221; border_style=&#8221;&#8221; thickness=&#8221;3&#8243; up=&#8221;30&#8243; color=&#8221;#d3d3d3&#8243;][\/vc_column][vc_column width=&#8221;1\/6&#8243;][\/vc_column][\/vc_row][vc_row row_type=&#8221;row&#8221; use_row_as_full_screen_section=&#8221;no&#8221; type=&#8221;full_width&#8221; text_align=&#8221;left&#8221; background_animation=&#8221;none&#8221; css_animation=&#8221;&#8221; css=&#8221;.vc_custom_1623685519265{margin-bottom: 30px !important;}&#8221;][vc_column width=&#8221;1\/6&#8243;][\/vc_column][vc_column width=&#8221;2\/3&#8243;][vc_column_text]<\/p>\n<div align=\"justify\"><strong><img loading=\"lazy\" decoding=\"async\" class=\"alignnone size-medium wp-image-5453\" src=\"https:\/\/spnm.ca\/wp-content\/uploads\/2024\/02\/Danielle-Maisonneuve-300x300.jpg\" alt=\"\" width=\"300\" height=\"300\" srcset=\"https:\/\/spnm.ca\/wp-content\/uploads\/2024\/02\/Danielle-Maisonneuve-300x300.jpg 300w, https:\/\/spnm.ca\/wp-content\/uploads\/2024\/02\/Danielle-Maisonneuve-1024x1024.jpg 1024w, https:\/\/spnm.ca\/wp-content\/uploads\/2024\/02\/Danielle-Maisonneuve-100x100.jpg 100w, https:\/\/spnm.ca\/wp-content\/uploads\/2024\/02\/Danielle-Maisonneuve-768x768.jpg 768w, https:\/\/spnm.ca\/wp-content\/uploads\/2024\/02\/Danielle-Maisonneuve-1536x1536.jpg 1536w, https:\/\/spnm.ca\/wp-content\/uploads\/2024\/02\/Danielle-Maisonneuve.jpg 2048w, https:\/\/spnm.ca\/wp-content\/uploads\/2024\/02\/Danielle-Maisonneuve-550x550.jpg 550w, https:\/\/spnm.ca\/wp-content\/uploads\/2024\/02\/Danielle-Maisonneuve-500x500.jpg 500w, https:\/\/spnm.ca\/wp-content\/uploads\/2024\/02\/Danielle-Maisonneuve-1000x1000.jpg 1000w, https:\/\/spnm.ca\/wp-content\/uploads\/2024\/02\/Danielle-Maisonneuve-700x700.jpg 700w, https:\/\/spnm.ca\/wp-content\/uploads\/2024\/02\/Danielle-Maisonneuve-1100x1100.jpg 1100w\" sizes=\"(max-width: 300px) 100vw, 300px\" \/>DANIELLE MAISONNEUVE<\/strong><\/div>\n<div align=\"justify\">Rehearsal pianist<\/div>\n<div align=\"justify\">\n<p>&nbsp;<\/p>\n<p><em>Rehearsal pianist of the Choeur philharmonique du Nouveau Monde of Montreal and that of Sainte-Th\u00e9r\u00e8se, Danielle Maisonneuve has in her repertoire many works of choral singing that she has performed in concert. She is also invited to work with several other choirs, including the Ensemble vocal Polymnie, the Ensemble vocal Modulation, the Choir de Laval, the choirs of the Commission scolaire de Laval and the children&#8217;s choir of the cathedral of Montreal. In February 2004, she prepared the children&#8217;s choir from the Des C\u00e8dres school for The Symphony of the Lord of the Rings, and participated in its creation during the Montr\u00e9al en lumi\u00e8re festival at Place des Arts, under the direction of Mr. Howard Shore.<\/em><\/p>\n<p>&nbsp;<\/p>\n<p><em>First prize at the Conservatoire de Montr\u00e9al in chamber music and piano interpretation prize, she was a professor in the musical program of the Des C\u00e8dres school in Laval from 1986 to 2005 and taught in the Cur\u00e9-Antoine-Labelle and Alpha schools. . After completing a graduate degree in choral conducting at the University of Sherbrooke in 2007, she founded the Ensemble vocal Art\u00e9mis, of which she is the artistic director.<\/em><\/p>\n<\/div>\n<p>[\/vc_column_text][\/vc_column][vc_column width=&#8221;1\/6&#8243;][\/vc_column][\/vc_row][vc_row row_type=&#8221;row&#8221; use_row_as_full_screen_section=&#8221;no&#8221; type=&#8221;full_width&#8221; text_align=&#8221;left&#8221; background_animation=&#8221;none&#8221; css_animation=&#8221;&#8221; css=&#8221;.vc_custom_1623685519265{margin-bottom: 30px !important;}&#8221;][vc_column width=&#8221;1\/6&#8243;][\/vc_column][vc_column width=&#8221;2\/3&#8243;][vc_separator type=&#8221;normal&#8221; border_style=&#8221;&#8221; thickness=&#8221;3&#8243; up=&#8221;30&#8243; color=&#8221;#d3d3d3&#8243;][\/vc_column][vc_column width=&#8221;1\/6&#8243;][\/vc_column][\/vc_row][vc_row row_type=&#8221;row&#8221; use_row_as_full_screen_section=&#8221;no&#8221; type=&#8221;full_width&#8221; text_align=&#8221;left&#8221; background_animation=&#8221;none&#8221; css_animation=&#8221;&#8221; css=&#8221;.vc_custom_1623685531839{margin-bottom: 50px !important;}&#8221;][vc_column width=&#8221;1\/6&#8243;][\/vc_column][vc_column width=&#8221;1\/3&#8243;][vc_column_text css=&#8221;.vc_custom_1753285975676{margin-bottom: 20px !important;}&#8221;]<strong>REHEARSALS\u00a0<\/strong><\/p>\n<p>&nbsp;<\/p>\n<p>MONDAY NIGHTS<br \/>\nFROM\u00a0 \u00a07 H 15 PM\u00a0 TO\u00a0 \u00a0 10 H 00 PM<\/p>\n<p>&nbsp;<\/p>\n<p>The CPNM-BL will rehearse at different locations in 2025-2026.\u00a0 To know where to go look at this calendar: <a href=\"https:\/\/spnm.ca\/wp-content\/uploads\/2025\/07\/CPNM-BL-horaire-25_26.pdf\" target=\"_blank\" rel=\"noopener\">CPNM-BL calendar<\/a><\/p>\n<p>We may also be reached at <span style=\"font-weight: 400;\">450-434-1440 ext. 2658<\/span>[\/vc_column_text][vc_single_image image=&#8221;4106&#8243; img_size=&#8221;large&#8221; qode_css_animation=&#8221;&#8221;][\/vc_column][vc_column width=&#8221;1\/3&#8243;][vc_gmaps link=&#8221;#E-8_JTNDaWZyYW1lJTIwc3JjJTNEJTIyaHR0cHMlM0ElMkYlMkZ3d3cuZ29vZ2xlLmNvbSUyRm1hcHMlMkZlbWJlZCUzRnBiJTNEJTIxMW0xOCUyMTFtMTIlMjExbTMlMjExZDI3ODkuNTYxNjMxNjQxMjU1JTIxMmQtNzMuODQ2Mjg0Nzg0MTg1OTMlMjEzZDQ1LjYzOTU0MTk3OTEwMzMxJTIxMm0zJTIxMWYwJTIxMmYwJTIxM2YwJTIxM20yJTIxMWkxMDI0JTIxMmk3NjglMjE0ZjEzLjElMjEzbTMlMjExbTIlMjExczB4NGNjOTI3ZDY1ZTY2ZWEzZiUyNTNBMHhkM2ViMGFjYzBlMjUxNGNlJTIxMnNNYWlzb24lMjUyMExhY2hhaW5lJTIxNWUwJTIxM20yJTIxMXNmciUyMTJzY2ElMjE0djE2NDg2NjkwNDc1NDQlMjE1bTIlMjExc2ZyJTIxMnNjYSUyMiUyMHdpZHRoJTNEJTIyNjAwJTIyJTIwaGVpZ2h0JTNEJTIyNDUwJTIyJTIwc3R5bGUlM0QlMjJib3JkZXIlM0EwJTNCJTIyJTIwYWxsb3dmdWxsc2NyZWVuJTNEJTIyJTIyJTIwbG9hZGluZyUzRCUyMmxhenklMjIlMjByZWZlcnJlcnBvbGljeSUzRCUyMm5vLXJlZmVycmVyLXdoZW4tZG93bmdyYWRlJTIyJTNFJTNDJTJGaWZyYW1lJTNF&#8221; css=&#8221;.vc_custom_1648669066531{border-top-width: 1px !important;border-right-width: 1px !important;border-bottom-width: 1px !important;border-left-width: 1px !important;border-left-color: #afafaf !important;border-left-style: solid !important;border-right-color: #afafaf !important;border-right-style: solid !important;border-top-color: #afafaf !important;border-top-style: solid !important;border-bottom-color: #afafaf !important;border-bottom-style: solid !important;}&#8221;][\/vc_column][vc_column width=&#8221;1\/6&#8243;][\/vc_column][\/vc_row][vc_row row_type=&#8221;row&#8221; use_row_as_full_screen_section=&#8221;no&#8221; type=&#8221;full_width&#8221; text_align=&#8221;left&#8221; background_animation=&#8221;none&#8221; css_animation=&#8221;&#8221; css=&#8221;.vc_custom_1623761493499{margin-bottom: 50px !important;}&#8221;][vc_column width=&#8221;1\/4&#8243;][\/vc_column][vc_column width=&#8221;1\/2&#8243;][vc_column_text]<\/p>\n<h3 style=\"text-align: center;\"><span style=\"color: #333333;\"><span style=\"caret-color: #333333;\"><i>YOU CAN JOIN US BY <a href=\"https:\/\/spnm.ca\/en\/sainte-therese\/auditions-ste\"><span style=\"color: #0000ff;\"><strong>CLICKING HERE<\/strong><\/span><\/a><\/i><\/span><\/span><\/h3>\n<p>[\/vc_column_text][\/vc_column][vc_column width=&#8221;1\/4&#8243;][\/vc_column][\/vc_row]<\/p>\n","protected":false},"excerpt":{"rendered":"<p>[vc_row row_type=&#8221;row&#8221; use_row_as_full_screen_section=&#8221;no&#8221; type=&#8221;full_width&#8221; text_align=&#8221;left&#8221; background_animation=&#8221;none&#8221; css_animation=&#8221;&#8221; css=&#8221;.vc_custom_1618336926507{margin-bottom: 50px !important;}&#8221;][vc_column][\/vc_column][\/vc_row][vc_row row_type=&#8221;row&#8221; use_row_as_full_screen_section=&#8221;no&#8221; type=&#8221;full_width&#8221; text_align=&#8221;left&#8221; background_animation=&#8221;none&#8221; css_animation=&#8221;&#8221; css=&#8221;.vc_custom_1623678943659{margin-bottom: 50px !important;}&#8221;][vc_column width=&#8221;1\/6&#8243;][\/vc_column][vc_column width=&#8221;2\/3&#8243;][vc_column_text css=&#8221;.vc_custom_1763589637162{padding-bottom: 50px !important;}&#8221;] A choir is a place of meeting and sharing. As Choeur philharmonique du Nouveau Monde- Basses-Laurentides we are proud to join&#8230;<\/p>\n","protected":false},"author":230,"featured_media":0,"parent":0,"menu_order":0,"comment_status":"closed","ping_status":"closed","template":"","meta":{"footnotes":""},"class_list":["post-1980","page","type-page","status-publish","hentry"],"yoast_head":"<!-- This site is optimized with the Yoast SEO plugin v23.3 - https:\/\/yoast.com\/wordpress\/plugins\/seo\/ -->\n<title>Basses-Laurentides - SPNM<\/title>\n<meta name=\"robots\" content=\"index, follow, max-snippet:-1, max-image-preview:large, max-video-preview:-1\" \/>\n<link rel=\"canonical\" href=\"https:\/\/spnm.ca\/en\/basses-laurentides\/\" \/>\n<meta property=\"og:locale\" content=\"en_US\" \/>\n<meta property=\"og:type\" content=\"article\" \/>\n<meta property=\"og:title\" content=\"Basses-Laurentides - SPNM\" \/>\n<meta property=\"og:description\" content=\"[vc_row row_type=&#8221;row&#8221; use_row_as_full_screen_section=&#8221;no&#8221; type=&#8221;full_width&#8221; text_align=&#8221;left&#8221; background_animation=&#8221;none&#8221; css_animation=&#8221;&#8221; css=&#8221;.vc_custom_1618336926507{margin-bottom: 50px !important;}&#8221;][vc_column][\/vc_column][\/vc_row][vc_row row_type=&#8221;row&#8221; use_row_as_full_screen_section=&#8221;no&#8221; type=&#8221;full_width&#8221; text_align=&#8221;left&#8221; background_animation=&#8221;none&#8221; css_animation=&#8221;&#8221; css=&#8221;.vc_custom_1623678943659{margin-bottom: 50px !important;}&#8221;][vc_column width=&#8221;1\/6&#8243;][\/vc_column][vc_column width=&#8221;2\/3&#8243;][vc_column_text css=&#8221;.vc_custom_1763589637162{padding-bottom: 50px !important;}&#8221;] A choir is a place of meeting and sharing. As Choeur philharmonique du Nouveau Monde- Basses-Laurentides we are proud to join...\" \/>\n<meta property=\"og:url\" content=\"https:\/\/spnm.ca\/en\/basses-laurentides\/\" \/>\n<meta property=\"og:site_name\" content=\"SPNM\" \/>\n<meta property=\"article:modified_time\" content=\"2025-11-19T22:00:41+00:00\" \/>\n<meta property=\"og:image\" content=\"https:\/\/spnm.ca\/wp-content\/uploads\/2024\/11\/andre_gervais-rotated.jpg\" \/>\n<meta name=\"twitter:card\" content=\"summary_large_image\" \/>\n<meta name=\"twitter:label1\" content=\"Est. reading time\" \/>\n\t<meta name=\"twitter:data1\" content=\"5 minutes\" \/>\n<!-- \/ Yoast SEO plugin. -->","yoast_head_json":{"title":"Basses-Laurentides - SPNM","robots":{"index":"index","follow":"follow","max-snippet":"max-snippet:-1","max-image-preview":"max-image-preview:large","max-video-preview":"max-video-preview:-1"},"canonical":"https:\/\/spnm.ca\/en\/basses-laurentides\/","og_locale":"en_US","og_type":"article","og_title":"Basses-Laurentides - SPNM","og_description":"[vc_row row_type=&#8221;row&#8221; use_row_as_full_screen_section=&#8221;no&#8221; type=&#8221;full_width&#8221; text_align=&#8221;left&#8221; background_animation=&#8221;none&#8221; css_animation=&#8221;&#8221; css=&#8221;.vc_custom_1618336926507{margin-bottom: 50px !important;}&#8221;][vc_column][\/vc_column][\/vc_row][vc_row row_type=&#8221;row&#8221; use_row_as_full_screen_section=&#8221;no&#8221; type=&#8221;full_width&#8221; text_align=&#8221;left&#8221; background_animation=&#8221;none&#8221; css_animation=&#8221;&#8221; css=&#8221;.vc_custom_1623678943659{margin-bottom: 50px !important;}&#8221;][vc_column width=&#8221;1\/6&#8243;][\/vc_column][vc_column width=&#8221;2\/3&#8243;][vc_column_text css=&#8221;.vc_custom_1763589637162{padding-bottom: 50px !important;}&#8221;] A choir is a place of meeting and sharing. As Choeur philharmonique du Nouveau Monde- Basses-Laurentides we are proud to join...","og_url":"https:\/\/spnm.ca\/en\/basses-laurentides\/","og_site_name":"SPNM","article_modified_time":"2025-11-19T22:00:41+00:00","og_image":[{"url":"https:\/\/spnm.ca\/wp-content\/uploads\/2024\/11\/andre_gervais-rotated.jpg"}],"twitter_card":"summary_large_image","twitter_misc":{"Est. reading time":"5 minutes"},"schema":{"@context":"https:\/\/schema.org","@graph":[{"@type":"WebPage","@id":"https:\/\/spnm.ca\/en\/basses-laurentides\/","url":"https:\/\/spnm.ca\/en\/basses-laurentides\/","name":"Basses-Laurentides - SPNM","isPartOf":{"@id":"https:\/\/spnm.ca\/#website"},"primaryImageOfPage":{"@id":"https:\/\/spnm.ca\/en\/basses-laurentides\/#primaryimage"},"image":{"@id":"https:\/\/spnm.ca\/en\/basses-laurentides\/#primaryimage"},"thumbnailUrl":"https:\/\/spnm.ca\/wp-content\/uploads\/2024\/11\/andre_gervais-rotated.jpg","datePublished":"2021-06-30T12:52:38+00:00","dateModified":"2025-11-19T22:00:41+00:00","breadcrumb":{"@id":"https:\/\/spnm.ca\/en\/basses-laurentides\/#breadcrumb"},"inLanguage":"en-US","potentialAction":[{"@type":"ReadAction","target":["https:\/\/spnm.ca\/en\/basses-laurentides\/"]}]},{"@type":"ImageObject","inLanguage":"en-US","@id":"https:\/\/spnm.ca\/en\/basses-laurentides\/#primaryimage","url":"https:\/\/spnm.ca\/wp-content\/uploads\/2024\/11\/andre_gervais-rotated.jpg","contentUrl":"https:\/\/spnm.ca\/wp-content\/uploads\/2024\/11\/andre_gervais-rotated.jpg"},{"@type":"BreadcrumbList","@id":"https:\/\/spnm.ca\/en\/basses-laurentides\/#breadcrumb","itemListElement":[{"@type":"ListItem","position":1,"name":"Accueil","item":"https:\/\/spnm.ca\/en\/"},{"@type":"ListItem","position":2,"name":"Basses-Laurentides"}]},{"@type":"WebSite","@id":"https:\/\/spnm.ca\/#website","url":"https:\/\/spnm.ca\/","name":"SPNM","description":"Concerts Classiques","publisher":{"@id":"https:\/\/spnm.ca\/#organization"},"potentialAction":[{"@type":"SearchAction","target":{"@type":"EntryPoint","urlTemplate":"https:\/\/spnm.ca\/?s={search_term_string}"},"query-input":"required name=search_term_string"}],"inLanguage":"en-US"},{"@type":"Organization","@id":"https:\/\/spnm.ca\/#organization","name":"Soci\u00e9t\u00e9 philharmonique du Nouveau Monde","url":"https:\/\/spnm.ca\/","logo":{"@type":"ImageObject","inLanguage":"en-US","@id":"https:\/\/spnm.ca\/#\/schema\/logo\/image\/","url":"https:\/\/spnm.ca\/wp-content\/uploads\/2021\/06\/LogoBLPNM2.png","contentUrl":"https:\/\/spnm.ca\/wp-content\/uploads\/2021\/06\/LogoBLPNM2.png","width":286,"height":100,"caption":"Soci\u00e9t\u00e9 philharmonique du Nouveau Monde"},"image":{"@id":"https:\/\/spnm.ca\/#\/schema\/logo\/image\/"}}]}},"_links":{"self":[{"href":"https:\/\/spnm.ca\/en\/wp-json\/wp\/v2\/pages\/1980"}],"collection":[{"href":"https:\/\/spnm.ca\/en\/wp-json\/wp\/v2\/pages"}],"about":[{"href":"https:\/\/spnm.ca\/en\/wp-json\/wp\/v2\/types\/page"}],"author":[{"embeddable":true,"href":"https:\/\/spnm.ca\/en\/wp-json\/wp\/v2\/users\/230"}],"replies":[{"embeddable":true,"href":"https:\/\/spnm.ca\/en\/wp-json\/wp\/v2\/comments?post=1980"}],"version-history":[{"count":42,"href":"https:\/\/spnm.ca\/en\/wp-json\/wp\/v2\/pages\/1980\/revisions"}],"predecessor-version":[{"id":6255,"href":"https:\/\/spnm.ca\/en\/wp-json\/wp\/v2\/pages\/1980\/revisions\/6255"}],"wp:attachment":[{"href":"https:\/\/spnm.ca\/en\/wp-json\/wp\/v2\/media?parent=1980"}],"curies":[{"name":"wp","href":"https:\/\/api.w.org\/{rel}","templated":true}]}}