{"id":3107,"date":"2021-08-16T11:21:38","date_gmt":"2021-08-16T15:21:38","guid":{"rendered":"https:\/\/spnm.ca\/?page_id=3107"},"modified":"2021-09-05T10:33:47","modified_gmt":"2021-09-05T14:33:47","slug":"agenda-coaching","status":"publish","type":"page","link":"https:\/\/spnm.ca\/en\/agenda-coaching\/","title":{"rendered":"Agenda coaching"},"content":{"rendered":"You must be logged in to view this content.","protected":false},"excerpt":{"rendered":"You must be logged in to view this content.","protected":false},"author":230,"featured_media":0,"parent":0,"menu_order":0,"comment_status":"closed","ping_status":"closed","template":"","meta":{"footnotes":""},"class_list":["post-3107","page","type-page","status-publish","hentry"],"yoast_head":"<!-- This site is optimized with the Yoast SEO plugin v23.3 - https:\/\/yoast.com\/wordpress\/plugins\/seo\/ -->\n<title>Agenda coaching - SPNM<\/title>\n<meta name=\"robots\" content=\"index, follow, max-snippet:-1, max-image-preview:large, max-video-preview:-1\" \/>\n<link rel=\"canonical\" href=\"https:\/\/spnm.ca\/en\/agenda-coaching\/\" \/>\n<meta property=\"og:locale\" content=\"en_US\" \/>\n<meta property=\"og:type\" content=\"article\" \/>\n<meta property=\"og:title\" content=\"Agenda coaching - SPNM\" \/>\n<meta property=\"og:description\" content=\"Cette section est r\u00e9serv\u00e9e aux membres. Si vous \u00eates un membre enregistr\u00e9 svp vous inscrire. \/ This content is restricted to site members. If you are an existing user, please log in.Existing Users Log InUsername or EmailPassword&nbsp;Remember Me&nbsp;&nbsp;\" \/>\n<meta property=\"og:url\" content=\"https:\/\/spnm.ca\/en\/agenda-coaching\/\" \/>\n<meta property=\"og:site_name\" content=\"SPNM\" \/>\n<meta property=\"article:modified_time\" content=\"2021-09-05T14:33:47+00:00\" \/>\n<meta property=\"og:image\" content=\"https:\/\/www.paypalobjects.com\/en_US\/i\/scr\/pixel.gif\" \/>\n<meta name=\"twitter:card\" content=\"summary_large_image\" \/>\n<meta name=\"twitter:label1\" content=\"Est. reading time\" \/>\n\t<meta name=\"twitter:data1\" content=\"1 minute\" \/>\n<!-- \/ Yoast SEO plugin. -->","yoast_head_json":{"title":"Agenda coaching - SPNM","robots":{"index":"index","follow":"follow","max-snippet":"max-snippet:-1","max-image-preview":"max-image-preview:large","max-video-preview":"max-video-preview:-1"},"canonical":"https:\/\/spnm.ca\/en\/agenda-coaching\/","og_locale":"en_US","og_type":"article","og_title":"Agenda coaching - SPNM","og_description":"Cette section est r\u00e9serv\u00e9e aux membres. Si vous \u00eates un membre enregistr\u00e9 svp vous inscrire. \/ This content is restricted to site members. If you are an existing user, please log in.Existing Users Log InUsername or EmailPassword&nbsp;Remember Me&nbsp;&nbsp;","og_url":"https:\/\/spnm.ca\/en\/agenda-coaching\/","og_site_name":"SPNM","article_modified_time":"2021-09-05T14:33:47+00:00","og_image":[{"url":"https:\/\/www.paypalobjects.com\/en_US\/i\/scr\/pixel.gif"}],"twitter_card":"summary_large_image","twitter_misc":{"Est. reading time":"1 minute"},"schema":{"@context":"https:\/\/schema.org","@graph":[{"@type":"WebPage","@id":"https:\/\/spnm.ca\/en\/agenda-coaching\/","url":"https:\/\/spnm.ca\/en\/agenda-coaching\/","name":"Agenda coaching - SPNM","isPartOf":{"@id":"https:\/\/spnm.ca\/#website"},"primaryImageOfPage":{"@id":"https:\/\/spnm.ca\/en\/agenda-coaching\/#primaryimage"},"image":{"@id":"https:\/\/spnm.ca\/en\/agenda-coaching\/#primaryimage"},"thumbnailUrl":"https:\/\/www.paypalobjects.com\/en_US\/i\/scr\/pixel.gif","datePublished":"2021-08-16T15:21:38+00:00","dateModified":"2021-09-05T14:33:47+00:00","breadcrumb":{"@id":"https:\/\/spnm.ca\/en\/agenda-coaching\/#breadcrumb"},"inLanguage":"en-US","potentialAction":[{"@type":"ReadAction","target":["https:\/\/spnm.ca\/en\/agenda-coaching\/"]}]},{"@type":"ImageObject","inLanguage":"en-US","@id":"https:\/\/spnm.ca\/en\/agenda-coaching\/#primaryimage","url":"https:\/\/www.paypalobjects.com\/en_US\/i\/scr\/pixel.gif","contentUrl":"https:\/\/www.paypalobjects.com\/en_US\/i\/scr\/pixel.gif"},{"@type":"BreadcrumbList","@id":"https:\/\/spnm.ca\/en\/agenda-coaching\/#breadcrumb","itemListElement":[{"@type":"ListItem","position":1,"name":"Accueil","item":"https:\/\/spnm.ca\/en\/"},{"@type":"ListItem","position":2,"name":"Agenda coaching"}]},{"@type":"WebSite","@id":"https:\/\/spnm.ca\/#website","url":"https:\/\/spnm.ca\/","name":"SPNM","description":"Concerts Classiques","publisher":{"@id":"https:\/\/spnm.ca\/#organization"},"potentialAction":[{"@type":"SearchAction","target":{"@type":"EntryPoint","urlTemplate":"https:\/\/spnm.ca\/?s={search_term_string}"},"query-input":"required name=search_term_string"}],"inLanguage":"en-US"},{"@type":"Organization","@id":"https:\/\/spnm.ca\/#organization","name":"Soci\u00e9t\u00e9 philharmonique du Nouveau Monde","url":"https:\/\/spnm.ca\/","logo":{"@type":"ImageObject","inLanguage":"en-US","@id":"https:\/\/spnm.ca\/#\/schema\/logo\/image\/","url":"https:\/\/spnm.ca\/wp-content\/uploads\/2021\/06\/LogoBLPNM2.png","contentUrl":"https:\/\/spnm.ca\/wp-content\/uploads\/2021\/06\/LogoBLPNM2.png","width":286,"height":100,"caption":"Soci\u00e9t\u00e9 philharmonique du Nouveau Monde"},"image":{"@id":"https:\/\/spnm.ca\/#\/schema\/logo\/image\/"}}]}},"_links":{"self":[{"href":"https:\/\/spnm.ca\/en\/wp-json\/wp\/v2\/pages\/3107"}],"collection":[{"href":"https:\/\/spnm.ca\/en\/wp-json\/wp\/v2\/pages"}],"about":[{"href":"https:\/\/spnm.ca\/en\/wp-json\/wp\/v2\/types\/page"}],"author":[{"embeddable":true,"href":"https:\/\/spnm.ca\/en\/wp-json\/wp\/v2\/users\/230"}],"replies":[{"embeddable":true,"href":"https:\/\/spnm.ca\/en\/wp-json\/wp\/v2\/comments?post=3107"}],"version-history":[{"count":10,"href":"https:\/\/spnm.ca\/en\/wp-json\/wp\/v2\/pages\/3107\/revisions"}],"predecessor-version":[{"id":3447,"href":"https:\/\/spnm.ca\/en\/wp-json\/wp\/v2\/pages\/3107\/revisions\/3447"}],"wp:attachment":[{"href":"https:\/\/spnm.ca\/en\/wp-json\/wp\/v2\/media?parent=3107"}],"curies":[{"name":"wp","href":"https:\/\/api.w.org\/{rel}","templated":true}]}}